{"id":112,"date":"2022-03-15T19:16:30","date_gmt":"2022-03-15T19:16:30","guid":{"rendered":"https:\/\/rc-oli.ecampusontario.ca\/support-2\/"},"modified":"2026-02-02T02:42:22","modified_gmt":"2026-02-02T07:42:22","slug":"soutien","status":"publish","type":"page","link":"https:\/\/openlibrary.ecampusontario.ca\/fr\/soutien\/","title":{"rendered":"Soutien"},"content":{"rendered":"\n<p><em>Vous souhaitez commencer \u00e0 utiliser les REL sur votre campus? Nous pouvons vous aider!<\/em><\/p>\n\n\n\n<div style=\"height:21px\" aria-hidden=\"true\" class=\"wp-block-spacer\"><\/div>\n\n\n\n<h2 class=\"wp-block-heading\">\u00c9v\u00e9nements de la Biblioth\u00e8que libre<\/h2>\n\n\n\n<p>Rejoignez la Biblioth\u00e8que libre dans nos \u00e9v\u00e9nements virtuels soutenant l\u2019utilisation, l\u2019adaptation, l\u2019adoption et la cr\u00e9ation de ressources \u00e9ducatives libres (REL).<\/p>\n\n\n\n<div class=\"wp-block-buttons is-layout-flex wp-block-buttons-is-layout-flex\">\n<div class=\"wp-block-button\"><a class=\"wp-block-button__link wp-element-button\" href=\"https:\/\/openlibrary.ecampusontario.ca\/fr\/evenements\/\">D\u00e9couvrir nos \u00e9v\u00e9nements<\/a><\/div>\n<\/div>\n\n\n\n<div style=\"height:21px\" aria-hidden=\"true\" class=\"wp-block-spacer\"><\/div>\n\n\n\n<h2 class=\"wp-block-heading mt-3 mb-2\">Formation<\/h2>\n\n\n\n<p>Le personnel d\u2019eCampusOntario est disponible pour soutenir nos \u00e9tablissements membres ou organiser des webinaires sur l\u2019\u00e9ducation ouverte. Parmi les sujets possibles, citons&nbsp;:<\/p>\n\n\n\n<ul class=\"wp-block-list\">\n<li>Introduction \u00e0 la recherche et \u00e0 l\u2019utilisation des REL<\/li>\n\n\n\n<li>Ateliers Pressbooks<\/li>\n\n\n\n<li>Utilisation du studio H5P pour cr\u00e9er des modules ouverts<\/li>\n\n\n\n<li>Compr\u00e9hension des licences ouvertes<\/li>\n<\/ul>\n\n\n\n<div class=\"wp-block-buttons is-layout-flex wp-block-buttons-is-layout-flex\">\n<div class=\"wp-block-button mt-1 mb-5\"><a class=\"wp-block-button__link wp-element-button\" href=\"https:\/\/openlibrary.ecampusontario.ca\/fr\/nous-joindre\/\">Demander une formation<\/a><\/div>\n<\/div>\n\n\n\n<div style=\"height:21px\" aria-hidden=\"true\" class=\"wp-block-spacer\"><\/div>\n\n\n\n<h2 class=\"wp-block-heading\">Programmes de d\u00e9veloppement professionnel<\/h2>\n\n\n\n<p>D\u00e9couvrez les programmes de d\u00e9veloppement professionnel et les micro-titres de comp\u00e9tences d&rsquo;eCampusOntario cr\u00e9\u00e9s pour aider les p\u00e9dagogues \u00e0 ma\u00eetriser de nouveaux outils et de nouvelles strat\u00e9gies dans un paysage \u00e9ducatif en constante \u00e9volution.<\/p>\n\n\n\n<p>Acqu\u00e9rez des comp\u00e9tences fondamentales en mati\u00e8re d&rsquo;\u00e9ducation ouverte.<\/p>\n\n\n\n<div class=\"wp-block-buttons is-layout-flex wp-block-buttons-is-layout-flex\">\n<div class=\"wp-block-button\"><a class=\"wp-block-button__link wp-element-button\"  href=\"https:\/\/learn.ecampusontario.ca\/catalog?pagename=Mastering-Open-Ed-Micro-Credential&#038;cm_locale=fr\"   target=\"_blank\" rel=\"noopener noreferrer\">Ma\u00eetriser l\u2019\u00e9ducation ouverte<\/a><\/div>\n<\/div>\n\n\n\n<div style=\"height:21px\" aria-hidden=\"true\" class=\"wp-block-spacer\"><\/div>\n\n\n\n<p>Explorez le catalogue complet des programmes de d\u00e9veloppement professionnel de eCampusOntario.<\/p>\n\n\n\n<div class=\"wp-block-buttons is-layout-flex wp-block-buttons-is-layout-flex\">\n<div class=\"wp-block-button\"><a class=\"wp-block-button__link wp-element-button\" href=\"https:\/\/learn.ecampusontario.ca\/?cm_locale=fr\" target=\"_blank\" rel=\"noopener noreferrer\">Explorer tous les programmes<\/a><\/div>\n<\/div>\n\n\n\n<div style=\"height:42px\" aria-hidden=\"true\" class=\"wp-block-spacer\"><\/div>\n\n\n\n<h2 class=\"wp-block-heading\">Mat\u00e9riel de sensibilisation<\/h2>\n\n\n\n<p class=\"mb-5\">L\u2019\u00e9quipe d\u2019eCampusOntario a cr\u00e9\u00e9 un certain nombre d\u2019affiches, d\u2019infographies et de pr\u00e9sentations sous licence libre qui peuvent \u00eatre adopt\u00e9es ou adapt\u00e9es pour soutenir votre travail de sensibilisation.<\/p>\n\n\n\n<div class=\"wp-block-columns mb-0 is-layout-flex wp-container-core-columns-is-layout-9d6595d7 wp-block-columns-is-layout-flex\">\n<div class=\"wp-block-column mb-4 border is-layout-flow wp-block-column-is-layout-flow\">\n<h3 class=\"wp-block-heading\">Affiches et infographies<\/h3>\n\n\n\n<ul class=\"wp-block-list\">\n<li><a href=\"https:\/\/openlibrary.ecampusontario.ca\/wp-content\/uploads\/sites\/3\/2022\/03\/FR-CC-Explained.pdf\">Affiche d\u2019explications sur les licences Creative Commons (pdf)<\/a><\/li>\n\n\n\n<li><a href=\"https:\/\/openlibrary.ecampusontario.ca\/wp-content\/uploads\/sites\/3\/2022\/03\/FR-OER-Textbooks-vs-Food.pdf\">Affiche Manuels scolaires ou nourriture? (pdf)<\/a><\/li>\n\n\n\n<li><a href=\"https:\/\/openlibrary.ecampusontario.ca\/wp-content\/uploads\/sites\/3\/2022\/03\/FR-3-Reasons-for-OER.pdf\">Carte postale sur les trois raisons d\u2019utiliser les REL (pdf)<\/a><\/li>\n\n\n\n<li><a href=\"https:\/\/openlibrary.ecampusontario.ca\/wp-content\/uploads\/sites\/3\/2022\/03\/FR-10-OER-Myths.pdf\">Carte postale sur les dix principaux mythes concernant les REL  (pdf)<\/a><\/li>\n<\/ul>\n<\/div>\n\n\n\n<div class=\"wp-block-column mb-4 border is-layout-flow wp-block-column-is-layout-flow\">\n<h3 class=\"wp-block-heading\">Diaporama<\/h3>\n\n\n\n<ul class=\"wp-block-list\">\n<li><a class=\"external-link-icon\" href=\"https:\/\/drive.google.com\/drive\/folders\/17qu8bJ5MiuhieRhsm2KrbQcngTUSNpia?usp=sharing\" target=\"_blank\" rel=\"noreferrer noopener\">Introduction \u00e0 l\u2019\u00e9ducation ouverte<\/a><\/li>\n\n\n\n<li><a class=\"external-link-icon\" href=\"https:\/\/drive.google.com\/drive\/folders\/1Q721aDgV6eyG80CjBpATIwrGQ4TkKxGv?usp=sharing\" target=\"_blank\" rel=\"noreferrer noopener\">Licences Creative Commons<\/a><\/li>\n\n\n\n<li><a class=\"external-link-icon\" href=\"https:\/\/drive.google.com\/drive\/folders\/17qu8bJ5MiuhieRhsm2KrbQcngTUSNpia?usp=sharing\" target=\"_blank\" rel=\"noreferrer noopener\">Atelier Pressbooks<\/a><\/li>\n<\/ul>\n<\/div>\n<\/div>\n\n\n\n<div style=\"height:21px\" aria-hidden=\"true\" class=\"wp-block-spacer\"><\/div>\n\n\n\n<h2 class=\"wp-block-heading\">Ressources sur l\u2019accessibilit\u00e9<\/h2>\n\n\n\n<p>Vous voulez savoir comment rendre vos REL accessibles? Voici un guide de d\u00e9marrage.<\/p>\n\n\n\n<div class=\"wp-block-buttons is-layout-flex wp-block-buttons-is-layout-flex\">\n<div class=\"wp-block-button mt-1\"><a class=\"wp-block-button__link wp-element-button\" href=\"https:\/\/ecampusontario.ca\/fr\/oer-accessibility-resources-for-the-open-library\/\" target=\"_blank\" rel=\"noreferrer noopener\">En savoir plus sur l\u2019accessibilit\u00e9<\/a><\/div>\n<\/div>\n\n\n\n<div style=\"height:21px\" aria-hidden=\"true\" class=\"wp-block-spacer\"><\/div>\n\n\n\n<h2 class=\"wp-block-heading\">Ressources recommand\u00e9es<\/h2>\n\n\n\n<p>Vous d\u00e9butez dans le domaine des REL? Consultez ces ressources pour d\u00e9velopper, faire grandir et soutenir l\u2019\u00e9ducation ouverte dans votre \u00e9tablissement.<\/p>\n\n\n\n<p>Ressources pour se lancer dans l\u2019\u00e9ducation ouverte :<\/p>\n\n\n\n<ul class=\"wp-block-list\">\n<li><a href=\"https:\/\/press.rebus.community\/oerstarterkitpm\/\" data-type=\"link\" data-id=\"https:\/\/press.rebus.community\/oerstarterkitpm\/\" target=\"_blank\" rel=\"noreferrer noopener\">The OER Starter Kit for Program Managers (en anglais)<\/a><\/li>\n\n\n\n<li><a href=\"https:\/\/openlibrary.ecampusontario.ca\/fr\/item-details\/#\/930f3580-acdd-49b0-9a57-fe4a63ff0885\" data-type=\"link\" data-id=\"https:\/\/openlibrary.ecampusontario.ca\/item-details\/#\/930f3580-acdd-49b0-9a57-fe4a63ff0885\">En qu\u00eate de l\u2019ouverture<\/a><\/li>\n\n\n\n<li><a href=\"https:\/\/openlibrary.ecampusontario.ca\/fr\/item-details\/#\/aaf7608f-9e7e-4487-ad29-505e6378d5d9\" data-type=\"link\" data-id=\"https:\/\/openlibrary.ecampusontario.ca\/item-details\/#\/aaf7608f-9e7e-4487-ad29-505e6378d5d9\">Trousse REL pour le personnel enseignant des m\u00e9tiers<\/a><\/li>\n\n\n\n<li><a href=\"https:\/\/www.youtube.com\/channel\/UC2cm0fd4fq76JXA4_j0rYLQ\" data-type=\"link\" data-id=\"https:\/\/www.youtube.com\/channel\/UC2cm0fd4fq76JXA4_j0rYLQ\" target=\"_blank\" rel=\"noreferrer noopener\">Enregistrements des webinaires de la Biblioth\u00e8que libre (YouTube)<\/a><\/li>\n\n\n\n<li><a href=\"https:\/\/ecampusontario.ca\/fr\/french-oer-adoption\/\" target=\"_blank\" rel=\"noreferrer noopener\">Une page Web listant une s\u00e9lection de REL en fran\u00e7ais<\/a><\/li>\n<\/ul>\n\n\n\n<div style=\"height:21px\" aria-hidden=\"true\" class=\"wp-block-spacer\"><\/div>\n\n\n\n<h2 class=\"wp-block-heading\">Communaut\u00e9<\/h2>\n\n\n\n<p>Le R\u00e9seau des Biblioth\u00e8ques libres de l\u2019Ontario (OOLN) est un espace d\u2019\u00e9change d\u2019id\u00e9es pour les biblioth\u00e9caires, le personnel enseignant, les \u00e9tudiant\u00b7es, les concepteur\u00b7rices p\u00e9dagogiques et les technologues du milieu de l\u2019enseignement qui s\u2019int\u00e9ressent \u00e0 l\u2019\u00e9ducation ouverte. <\/p>\n\n\n\n<div class=\"wp-block-buttons is-layout-flex wp-block-buttons-is-layout-flex\">\n<div class=\"wp-block-button mt-1\"><a class=\"wp-block-button__link wp-element-button\" href=\"https:\/\/bit.ly\/joinOOLN\" target=\"_blank\" rel=\"noreferrer noopener\">Rejoindre le groupe Slack de l\u2019OOLN<\/a><\/div>\n<\/div>\n","protected":false},"excerpt":{"rendered":"<p>Vous souhaitez commencer \u00e0 utiliser les REL sur votre campus? Nous pouvons vous aider! \u00c9v\u00e9nements de la Biblioth\u00e8que libre Rejoignez la Biblioth\u00e8que libre dans nos \u00e9v\u00e9nements virtuels soutenant l\u2019utilisation, l\u2019adaptation, l\u2019adoption et la cr\u00e9ation de ressources \u00e9ducatives libres (REL). Formation Le personnel d\u2019eCampusOntario est disponible pour soutenir nos \u00e9tablissements membres ou organiser des webinaires sur [&hellip;]<\/p>\n","protected":false},"author":1,"featured_media":0,"parent":0,"menu_order":0,"comment_status":"closed","ping_status":"closed","template":"","meta":{"footnotes":""},"class_list":["post-112","page","type-page","status-publish","hentry"],"_links":{"self":[{"href":"https:\/\/openlibrary.ecampusontario.ca\/fr\/wp-json\/wp\/v2\/pages\/112","targetHints":{"allow":["GET"]}}],"collection":[{"href":"https:\/\/openlibrary.ecampusontario.ca\/fr\/wp-json\/wp\/v2\/pages"}],"about":[{"href":"https:\/\/openlibrary.ecampusontario.ca\/fr\/wp-json\/wp\/v2\/types\/page"}],"author":[{"embeddable":true,"href":"https:\/\/openlibrary.ecampusontario.ca\/fr\/wp-json\/wp\/v2\/users\/1"}],"replies":[{"embeddable":true,"href":"https:\/\/openlibrary.ecampusontario.ca\/fr\/wp-json\/wp\/v2\/comments?post=112"}],"version-history":[{"count":54,"href":"https:\/\/openlibrary.ecampusontario.ca\/fr\/wp-json\/wp\/v2\/pages\/112\/revisions"}],"predecessor-version":[{"id":46905,"href":"https:\/\/openlibrary.ecampusontario.ca\/fr\/wp-json\/wp\/v2\/pages\/112\/revisions\/46905"}],"wp:attachment":[{"href":"https:\/\/openlibrary.ecampusontario.ca\/fr\/wp-json\/wp\/v2\/media?parent=112"}],"curies":[{"name":"wp","href":"https:\/\/api.w.org\/{rel}","templated":true}]}}