{"id":126,"date":"2022-03-15T19:37:44","date_gmt":"2022-03-15T19:37:44","guid":{"rendered":"https:\/\/rc-oli.ecampusontario.ca\/create\/"},"modified":"2026-02-05T16:08:25","modified_gmt":"2026-02-05T21:08:25","slug":"creer","status":"publish","type":"page","link":"https:\/\/openlibrary.ecampusontario.ca\/fr\/creer\/","title":{"rendered":"Cr\u00e9er"},"content":{"rendered":"\n<p class=\"mb-4\">eCampusOntario donne acc\u00e8s \u00e0 des outils facilitant la cr\u00e9ation ou l\u2019adaptation de ressources \u00e9ducatives libres. Ces outils sont offerts gratuitement \u00e0 toute personne actuellement affili\u00e9e \u00e0 un \u00e9tablissement membre d\u2019eCampusOntario. Nos membres ont \u00e9galement acc\u00e8s \u00e0 un soutien technique d\u00e9di\u00e9 et \u00e0 une aide \u00e0 la cr\u00e9ation de REL pour les plateformes suivantes.<\/p>\n\n\n\n<h2 class=\"wp-block-heading\"><\/h2>\n\n\n\n<div class=\"wp-block-columns is-layout-flex wp-container-core-columns-is-layout-9d6595d7 wp-block-columns-is-layout-flex\">\n<div class=\"wp-block-column border is-layout-flow wp-block-column-is-layout-flow\">\n<h3 class=\"wp-block-heading\">Pressbooks<\/h3>\n\n\n\n<p><em><em>Cr\u00e9er des manuels de cours num\u00e9riques et imprimables<\/em><\/em><\/p>\n\n\n\n<p>Pressbooks permet de cr\u00e9er facilement des manuels num\u00e9riques interactifs, partageables ensuite dans diff\u00e9rents formats. Cr\u00e9ez de nouveaux contenus ou adaptez des REL existantes pour r\u00e9pondre \u00e0 vos besoins en termes d\u2019enseignement et d\u2019apprentissage.<\/p>\n\n\n\n<p><strong>Principales caract\u00e9ristiques :<\/strong><\/p>\n\n\n\n<ul class=\"wp-block-list\">\n<li>Exportation au format Web, PDF, EPUB, MOBI, XML et IMSCC.<\/li>\n\n\n\n<li>Compatibilit\u00e9 avec les contenus interactifs et multim\u00e9dias.<\/li>\n\n\n\n<li>Int\u00e9gration transparente d\u2019H5P, d\u2019hypothes.is et de MathJax.<\/li>\n<\/ul>\n\n\n\n<div class=\"wp-block-buttons is-layout-flex wp-block-buttons-is-layout-flex\">\n<div class=\"wp-block-button mb-5\"><a class=\"wp-block-button__link wp-element-button\" href=\"https:\/\/openlibrary.ecampusontario.ca\/fr\/demande-pressbooks\/\">Cr\u00e9er un compte Pressbooks<\/a><\/div>\n<\/div>\n<\/div>\n\n\n\n<div class=\"wp-block-column border is-layout-flow wp-block-column-is-layout-flow\">\n<h3 class=\"wp-block-heading\">Studio H5P d&rsquo;eCampusOntario<\/h3>\n\n\n\n<p><em><em><em>Cr\u00e9er des activit\u00e9s interactives pour soutenir l\u2019apprentissage<\/em><\/em><\/em><\/p>\n\n\n\n<p>Le Studio H5P d\u2019eCampusOntario est votre guichet unique pour cr\u00e9er, partager et d\u00e9couvrir des objets d\u2019apprentissage interactifs (OAI). Cr\u00e9ez du contenu interactif pour vos cours ou autres projets p\u00e9dagogiques.<\/p>\n\n\n\n<p>Commencez \u00e0 utiliser le <a href=\"https:\/\/openlibrary.ecampusontario.ca\/wp-content\/uploads\/sites\/3\/2023\/02\/H5P-New-User-Guide-FR.pdf\">Nouveau guide de l\u2019utilisateur du studio H5P<\/a>.<\/p>\n\n\n\n<p><strong>Principales c<strong>aract\u00e9ristiques <\/strong>:<\/strong><\/p>\n\n\n\n<ul class=\"wp-block-list\">\n<li>Plus de 40 types de contenu parmi lesquels choisir (texte \u00e0 glisser-d\u00e9poser, pr\u00e9sentation de cours, vid\u00e9o interactive, etc.).<\/li>\n\n\n\n<li>Adaptation ou r\u00e9utilisation du contenu H5P trouv\u00e9 dans le studio ou sur le Web.<\/li>\n\n\n\n<li>Tableau de bord utilisateur avec acc\u00e8s au contenu et activit\u00e9s interactives que vous avez cr\u00e9\u00e9s, \u00e0 vos ressources favorites et \u00e0 vos contributions.<\/li>\n\n\n\n<li>Cr\u00e9ation de contenu avec d\u2019autres utilisateur\u00b7rices du studio.<\/li>\n<\/ul>\n\n\n\n<div class=\"wp-block-buttons is-layout-flex wp-block-buttons-is-layout-flex\">\n<div class=\"wp-block-button mb-4\"><a class=\"wp-block-button__link wp-element-button\" href=\"https:\/\/h5pstudio.ecampusontario.ca\/fr\/register\" target=\"_blank\" rel=\"noreferrer noopener\">Explorer le studio<\/a><\/div>\n<\/div>\n<\/div>\n<\/div>\n\n\n\n<h2 class=\"wp-block-heading\">Besoin d\u2019aide?<\/h2>\n\n\n\n<p>Que vous ne sachiez pas par o\u00f9 commencer avec les REL, que vous ayez besoin d\u2019une formation Pressbooks ou H5P pour votre \u00e9quipe ou votre \u00e9tablissement, que vous recherchiez des personnes avec qui collaborer ou que vous ayez un outil p\u00e9dagogique \u00e0 proposer, nous pouvons vous aider \u00e0 trouver les r\u00e9ponses dont vous avez besoin.<\/p>\n\n\n\n<div class=\"wp-block-buttons is-layout-flex wp-block-buttons-is-layout-flex\">\n<div class=\"wp-block-button mt-1\"><a class=\"wp-block-button__link wp-element-button\" href=\"https:\/\/openlibrary.ecampusontario.ca\/fr\/nous-joindre\/\">Nous contacter<\/a><\/div>\n<\/div>\n\n\n\n<p><\/p>\n","protected":false},"excerpt":{"rendered":"<p>eCampusOntario donne acc\u00e8s \u00e0 des outils facilitant la cr\u00e9ation ou l\u2019adaptation de ressources \u00e9ducatives libres. Ces outils sont offerts gratuitement \u00e0 toute personne actuellement affili\u00e9e \u00e0 un \u00e9tablissement membre d\u2019eCampusOntario. Nos membres ont \u00e9galement acc\u00e8s \u00e0 un soutien technique d\u00e9di\u00e9 et \u00e0 une aide \u00e0 la cr\u00e9ation de REL pour les plateformes suivantes. Pressbooks Cr\u00e9er [&hellip;]<\/p>\n","protected":false},"author":1,"featured_media":0,"parent":0,"menu_order":0,"comment_status":"closed","ping_status":"closed","template":"","meta":{"footnotes":""},"class_list":["post-126","page","type-page","status-publish","hentry"],"_links":{"self":[{"href":"https:\/\/openlibrary.ecampusontario.ca\/fr\/wp-json\/wp\/v2\/pages\/126","targetHints":{"allow":["GET"]}}],"collection":[{"href":"https:\/\/openlibrary.ecampusontario.ca\/fr\/wp-json\/wp\/v2\/pages"}],"about":[{"href":"https:\/\/openlibrary.ecampusontario.ca\/fr\/wp-json\/wp\/v2\/types\/page"}],"author":[{"embeddable":true,"href":"https:\/\/openlibrary.ecampusontario.ca\/fr\/wp-json\/wp\/v2\/users\/1"}],"replies":[{"embeddable":true,"href":"https:\/\/openlibrary.ecampusontario.ca\/fr\/wp-json\/wp\/v2\/comments?post=126"}],"version-history":[{"count":29,"href":"https:\/\/openlibrary.ecampusontario.ca\/fr\/wp-json\/wp\/v2\/pages\/126\/revisions"}],"predecessor-version":[{"id":47026,"href":"https:\/\/openlibrary.ecampusontario.ca\/fr\/wp-json\/wp\/v2\/pages\/126\/revisions\/47026"}],"wp:attachment":[{"href":"https:\/\/openlibrary.ecampusontario.ca\/fr\/wp-json\/wp\/v2\/media?parent=126"}],"curies":[{"name":"wp","href":"https:\/\/api.w.org\/{rel}","templated":true}]}}