{"id":1262,"date":"2023-01-11T09:25:31","date_gmt":"2023-01-11T14:25:31","guid":{"rendered":"https:\/\/openlibrary.ecampusontario.ca\/evenements-de-la-bibliotheque-libre\/"},"modified":"2026-02-25T15:11:40","modified_gmt":"2026-02-25T20:11:40","slug":"evenements","status":"publish","type":"page","link":"https:\/\/openlibrary.ecampusontario.ca\/fr\/evenements\/","title":{"rendered":"\u00c9v\u00e9nements de la biblioth\u00e8que libre"},"content":{"rendered":"\n<figure class=\"wp-block-image size-full\"><img decoding=\"async\" src=\"https:\/\/vlslibrary.ecampusontario.ca\/wp-content\/uploads\/sites\/4\/2022\/04\/vls-collection-open-house-banner.png\" alt=\"\" class=\"wp-image-761\"\/><\/figure>\n\n\n\n<p><\/p>\n\n\n\n<p class=\"has-medium-font-size\">Joignez-vous \u00e0 nos \u00e9v\u00e9nements virtuels consacr\u00e9s \u00e0 l&rsquo;utilisation, l&rsquo;adaptation, l&rsquo;adoption et la cr\u00e9ation de ressources \u00e9ducatives libres (REL). Nous organisons \u00e9galement des s\u00e9ances de r\u00e9f\u00e9rence avec l&rsquo;\u00e9quipe de la Biblioth\u00e8que libre pour vous aider \u00e0 vous familiariser avec les REL, une occasion unique d&rsquo;obtenir un soutien personnalis\u00e9 et des r\u00e9ponses \u00e0 vos questions.<\/p>\n\n\n\n<p class=\"has-medium-font-size\">Nos ateliers sont enregistr\u00e9s et leur enregistrement est disponible dans les 7 jours ouvrables.<\/p>\n\n\n\n<h2 class=\"wp-block-heading\">Explorez les \u00e9v\u00e9nements pass\u00e9s de la Biblioth\u00e8que libre<\/h2>\n\n\n\n<div class=\"wp-block-columns open-house-main-col has-background is-layout-flex wp-container-core-columns-is-layout-9d6595d7 wp-block-columns-is-layout-flex\" style=\"background-color:#fcf3da\">\n<div class=\"wp-block-column is-layout-flow wp-block-column-is-layout-flow\">\n<h3 class=\"wp-block-heading has-medium-font-size\">Enregistrements des \u00e9v\u00e9nements pass\u00e9s<\/h3>\n\n\n\n<p class=\"has-medium-font-size\">Retrouvez les enregistrements de nos \u00e9v\u00e9nements pass\u00e9s sur notre page YouTube.<\/p>\n\n\n\n<a class=\"btn btn-primary\" target=\"_blank\" href=\"https:\/\/www.youtube.com\/channel\/UC2cm0fd4fq76JXA4_j0rYLQ\" rel=\"noopener\" aria-label=\"Regarder les enregistrements d'\u00e9v\u00e9nements pr\u00e9c\u00e9dents sur notre cha\u00eene YouTube\">Regarder ici<\/a>\n\n\n\n<p><\/p>\n\n\n\n<p class=\"has-medium-font-size\">Vous avez des questions? <a href=\"https:\/\/openlibrary.ecampusontario.ca\/fr\/nous-joindre\/\" data-type=\"page\" data-id=\"31\">Nous joindre<\/a>.<\/p>\n<\/div>\n<\/div>\n\n\n\n<p><\/p>\n","protected":false},"excerpt":{"rendered":"<p>Joignez-vous \u00e0 nos \u00e9v\u00e9nements virtuels consacr\u00e9s \u00e0 l&rsquo;utilisation, l&rsquo;adaptation, l&rsquo;adoption et la cr\u00e9ation de ressources \u00e9ducatives libres (REL). Nous organisons \u00e9galement des s\u00e9ances de r\u00e9f\u00e9rence avec l&rsquo;\u00e9quipe de la Biblioth\u00e8que libre pour vous aider \u00e0 vous familiariser avec les REL, une occasion unique d&rsquo;obtenir un soutien personnalis\u00e9 et des r\u00e9ponses \u00e0 vos questions. Nos ateliers [&hellip;]<\/p>\n","protected":false},"author":14,"featured_media":0,"parent":0,"menu_order":0,"comment_status":"closed","ping_status":"closed","template":"","meta":{"footnotes":""},"class_list":["post-1262","page","type-page","status-publish","hentry"],"_links":{"self":[{"href":"https:\/\/openlibrary.ecampusontario.ca\/fr\/wp-json\/wp\/v2\/pages\/1262","targetHints":{"allow":["GET"]}}],"collection":[{"href":"https:\/\/openlibrary.ecampusontario.ca\/fr\/wp-json\/wp\/v2\/pages"}],"about":[{"href":"https:\/\/openlibrary.ecampusontario.ca\/fr\/wp-json\/wp\/v2\/types\/page"}],"author":[{"embeddable":true,"href":"https:\/\/openlibrary.ecampusontario.ca\/fr\/wp-json\/wp\/v2\/users\/14"}],"replies":[{"embeddable":true,"href":"https:\/\/openlibrary.ecampusontario.ca\/fr\/wp-json\/wp\/v2\/comments?post=1262"}],"version-history":[{"count":160,"href":"https:\/\/openlibrary.ecampusontario.ca\/fr\/wp-json\/wp\/v2\/pages\/1262\/revisions"}],"predecessor-version":[{"id":47037,"href":"https:\/\/openlibrary.ecampusontario.ca\/fr\/wp-json\/wp\/v2\/pages\/1262\/revisions\/47037"}],"wp:attachment":[{"href":"https:\/\/openlibrary.ecampusontario.ca\/fr\/wp-json\/wp\/v2\/media?parent=1262"}],"curies":[{"name":"wp","href":"https:\/\/api.w.org\/{rel}","templated":true}]}}