{"id":130,"date":"2022-03-15T19:41:01","date_gmt":"2022-03-15T19:41:01","guid":{"rendered":"https:\/\/rc-oli.ecampusontario.ca\/review-an-open-educational-resource\/"},"modified":"2026-02-05T16:11:15","modified_gmt":"2026-02-05T21:11:15","slug":"evaluer-une-rel","status":"publish","type":"page","link":"https:\/\/openlibrary.ecampusontario.ca\/fr\/evaluer-une-rel\/","title":{"rendered":"\u00c9valuer une ressource \u00e9ducative libre"},"content":{"rendered":"\n<p>eCampusOntario recherche des personnes expertes en la mati\u00e8re et qualifi\u00e9es pour \u00e9valuer les REL de notre collection et \u00e9ventuellement les adopter comme ressources de cours si celles-ci r\u00e9pondent aux besoins du personnel enseignant.<\/p>\n\n\n\n<p>eCampusOntario publie les \u00e9valuations dans la Biblioth\u00e8que libre, lesquelles sont accessibles au public sous la licence Creative Commons Attribution-NoDerivatives 4.0 (<a href=\"https:\/\/creativecommons.org\/licenses\/by-nd\/4.0\/\" target=\"_blank\" rel=\"noreferrer noopener\">CC BY-ND 4.0<\/a>).<\/p>\n\n\n\n<h2 class=\"wp-block-heading mt-5\">Processus d\u2019\u00e9valuation et de s\u00e9lection<\/h2>\n\n\n\n<ul class=\"wp-block-list\">\n<li>Les \u00e9ducateur\u00b7rices souhaitant \u00e9valuer une ressource doivent enseigner dans le domaine concern\u00e9.<\/li>\n\n\n\n<li>Les \u00e9valuateur\u00b7rices doivent avoir particip\u00e9 \u00e0 la conception, au d\u00e9veloppement ou \u00e0 la mise en \u0153uvre d&rsquo;un cours dans le domaine concern\u00e9.<\/li>\n\n\n\n<li>Les \u00e9valuateur\u00b7rices doivent accepter de publier leurs \u00e9valuations sous la licence ouverte&nbsp;<a href=\"https:\/\/creativecommons.org\/licenses\/by-nd\/4.0\/\" target=\"_blank\" rel=\"noreferrer noopener\">CC BY-ND 4.0<\/a>.<\/li>\n<\/ul>\n\n\n\n<h2 class=\"wp-block-heading mt-5\">Processus de candidature<\/h2>\n\n\n\n<ol class=\"wp-block-list\">\n<li>Explorez la Biblioth\u00e8que libre pour trouver une REL correspondant \u00e0 votre domaine d\u2019expertise.<\/li>\n\n\n\n<li>Tenez compte des <a href=\"https:\/\/openlibrary.ecampusontario.ca\/fr\/soumettre-une-rel\/\">crit\u00e8res recommand\u00e9s pour l\u2019\u00e9valuation<\/a>.<\/li>\n\n\n\n<li>Soumettez votre candidature pour \u00e9valuer la REL que vous avez s\u00e9lectionn\u00e9e.<\/li>\n<\/ol>\n\n\n\n<p class=\"mb-5\">Pour toute question, veuillez envoyer un courriel \u00e0&nbsp;<a href=\"mailto:open@ecampusontario.ca\">open@ecampusontario.ca<\/a>.<\/p>\n\n\n<div class=\"frm_forms  with_frm_style frm_style_formidable-style\" id=\"frm_form_2_container\" data-token=\"ef6212ee4455f35edf6a58d6d1cdd270\">\n<form enctype=\"multipart\/form-data\" method=\"post\" class=\"frm-show-form  frm_pro_form \" id=\"form_contact-form071bee22b6\" data-token=\"ef6212ee4455f35edf6a58d6d1cdd270\">\n<div class=\"frm_form_fields \">\n<fieldset>\n<legend class=\"frm_screen_reader\">Review an OER<\/legend>\r\n\r\n<div class=\"frm_fields_container\">\n<input type=\"hidden\" name=\"frm_action\" value=\"create\" \/>\n<input type=\"hidden\" name=\"form_id\" value=\"2\" \/>\n<input type=\"hidden\" name=\"frm_hide_fields_2\" id=\"frm_hide_fields_2\" value=\"\" \/>\n<input type=\"hidden\" name=\"form_key\" value=\"contact-form071bee22b6\" \/>\n<input type=\"hidden\" name=\"item_meta[0]\" value=\"\" \/>\n<input type=\"hidden\" id=\"frm_submit_entry_2\" name=\"frm_submit_entry_2\" value=\"e62d5b1412\" \/><input type=\"hidden\" name=\"_wp_http_referer\" value=\"\/fr\/wp-json\/wp\/v2\/pages\/130\" \/><div id=\"frm_field_6_container\" class=\"frm_form_field form-field  frm_required_field frm_top_container frm_first frm_half\">\r\n    <label for=\"field_qh4icyf72bfa6927\" id=\"field_qh4icyf72bfa6927_label\" class=\"frm_primary_label\">Pr\u00e9nom\r\n        <span class=\"frm_required\" aria-hidden=\"true\">*<\/span>\r\n    <\/label>\r\n    <input  type=\"text\" id=\"field_qh4icyf72bfa6927\" name=\"item_meta[6]\" value=\"\"  data-reqmsg=\"Ce champ ne peut pas \u00eatre vide\" aria-required=\"true\" data-invmsg=\"Name is invalid\" aria-invalid=\"false\"   \/>\r\n    \r\n    \r\n<\/div>\n<div id=\"frm_field_7_container\" class=\"frm_form_field form-field  frm_required_field frm_top_container frm_half\">\r\n    <label for=\"field_ocfup151022606f2\" id=\"field_ocfup151022606f2_label\" class=\"frm_primary_label\">Nom de famille\r\n        <span class=\"frm_required\" aria-hidden=\"true\">*<\/span>\r\n    <\/label>\r\n    <input  type=\"text\" id=\"field_ocfup151022606f2\" name=\"item_meta[7]\" value=\"\"  data-reqmsg=\"Ce champ ne peut pas \u00eatre vide\" aria-required=\"true\" data-invmsg=\"Last is invalid\" aria-invalid=\"false\"   \/>\r\n    \r\n    \r\n<\/div>\n<div id=\"frm_field_8_container\" class=\"frm_form_field form-field  frm_required_field frm_top_container frm_full\">\r\n    <label for=\"field_29yf4d2f17a33927\" id=\"field_29yf4d2f17a33927_label\" class=\"frm_primary_label\">Courriel de l\u2019\u00e9tablissement\r\n        <span class=\"frm_required\" aria-hidden=\"true\">*<\/span>\r\n    <\/label>\r\n    <input type=\"email\" id=\"field_29yf4d2f17a33927\" name=\"item_meta[8]\" value=\"\"  data-reqmsg=\"Ce champ ne peut pas \u00eatre vide\" aria-required=\"true\" data-invmsg=\"L\u2019adresse \u00e9lectronique de l\u2019\u00e9tablissement est requise\" aria-invalid=\"false\"  \/>\r\n    \r\n    \r\n<\/div>\n<div id=\"frm_field_11_container\" class=\"frm_form_field form-field  frm_required_field frm_top_container frm_full frm_other_container\">\r\n    <label for=\"field_11y4f\" id=\"field_11y4f_label\" class=\"frm_primary_label\">Nom de l\u2019\u00e9tablissement\r\n        <span class=\"frm_required\" aria-hidden=\"true\">*<\/span>\r\n    <\/label>\r\n    \t\t<select name=\"item_meta[11]\" id=\"field_11y4f\"  data-reqmsg=\"Ce champ ne peut pas \u00eatre vide\" aria-required=\"true\" data-invmsg=\"Nom de l\u2019\u00e9tablissement est non valide\" aria-invalid=\"false\"  >\n\t\t<option  value=\"Algoma University\">Algoma University<\/option><option  value=\"Algonquin College\">Algonquin College<\/option><option  value=\"Brock University\">Brock University<\/option><option  value=\"Coll\u00e8ge Bor\u00e9al\">Coll\u00e8ge Bor\u00e9al<\/option><option  value=\"Cambrian College\">Cambrian College<\/option><option  value=\"Canadore College\">Canadore College<\/option><option  value=\"Carleton University\">Carleton University<\/option><option  value=\"Centennial College\">Centennial College<\/option><option  value=\"Conestoga College\">Conestoga College<\/option><option  value=\"Confederation College\">Confederation College<\/option><option  value=\"Durham College\">Durham College<\/option><option  value=\"Fanshawe College\">Fanshawe College<\/option><option  value=\"First Nations Technical Institute\">First Nations Technical Institute<\/option><option  value=\"Fleming College\">Fleming College<\/option><option  value=\"George Brown College\">George Brown College<\/option><option  value=\"Georgian College\">Georgian College<\/option><option  value=\"University of Guelph\">University of Guelph<\/option><option  value=\"Humber College\">Humber College<\/option><option  value=\"Kenjgewin Teg\">Kenjgewin Teg<\/option><option  value=\"La Cit\u00e9 Coll\u00e9giale\">La Cit\u00e9 Coll\u00e9giale<\/option><option  value=\"Lakehead University\">Lakehead University<\/option><option  value=\"Lambton College\">Lambton College<\/option><option  value=\"Laurentian University\">Laurentian University<\/option><option  value=\"Loyalist College\">Loyalist College<\/option><option  value=\"McMaster University\">McMaster University<\/option><option  value=\"Mohawk College\">Mohawk College<\/option><option  value=\"Niagara College\">Niagara College<\/option><option  value=\"Nipissing University\">Nipissing University<\/option><option  value=\"Northern College\">Northern College<\/option><option  value=\"OCAD University\">OCAD University<\/option><option  value=\"University of Ottawa\">University of Ottawa<\/option><option  value=\"Queen\u2019s University\">Queen\u2019s University<\/option><option  value=\"Royal Military College of Canada\">Royal Military College of Canada<\/option><option  value=\"St. Clair College\">St. Clair College<\/option><option  value=\"St. Lawrence College\">St. Lawrence College<\/option><option  value=\"Sault College\">Sault College<\/option><option  value=\"Seneca College\">Seneca College<\/option><option  value=\"Sheridan College\">Sheridan College<\/option><option  value=\"Six Nations Polytechnic\">Six Nations Polytechnic<\/option><option  value=\"University of Toronto\">University of Toronto<\/option><option  value=\"Toronto Metropolitan University\">Toronto Metropolitan University<\/option><option  value=\"Trent University\">Trent University<\/option><option  value=\"Universit\u00e9 de l\u2019Ontario fran\u00e7ais\">Universit\u00e9 de l\u2019Ontario fran\u00e7ais<\/option><option  value=\"University of Ontario Institute of Technology\">University of Ontario Institute of Technology<\/option><option  value=\"University of Waterloo\">University of Waterloo<\/option><option  value=\"Western University\">Western University<\/option><option  value=\"Wilfrid Laurier University\">Wilfrid Laurier University<\/option><option  value=\"University of Windsor\">University of Windsor<\/option><option  value=\"York University\">York University<\/option><option  value=\"Other\" class=\"frm_other_trigger\">Other<\/option>\t<\/select>\n\t<label for=\"field_11y4f-otext\" class=\"frm_screen_reader frm_hidden\">Nom de l\u2019\u00e9tablissement<\/label><input type=\"text\" id=\"field_11y4f-otext\" class=\"frm_other_input frm_pos_none\"  name=\"item_meta[other][11]\" value=\"\" \/>\r\n    \r\n    \r\n<\/div>\n<div id=\"frm_field_9_container\" class=\"frm_form_field form-field  frm_required_field frm_top_container frm6 frm_half\">\r\n    <label for=\"field_e6lis6b078a8bb4e\" id=\"field_e6lis6b078a8bb4e_label\" class=\"frm_primary_label\">Titre de la REL \u00e0 \u00e9valuer\r\n        <span class=\"frm_required\" aria-hidden=\"true\">*<\/span>\r\n    <\/label>\r\n    <input  type=\"text\" id=\"field_e6lis6b078a8bb4e\" name=\"item_meta[9]\" value=\"\"  data-reqmsg=\"Ce champ ne peut pas \u00eatre vide\" aria-required=\"true\" data-invmsg=\"Sujet non valide\" aria-invalid=\"false\"   \/>\r\n    \r\n    \r\n<\/div>\n<div id=\"frm_field_102_container\" class=\"frm_form_field form-field  frm_top_container frm6 frm_half vertical_radio\">\r\n    <div id=\"field_ghkd6_label\" class=\"frm_primary_label\">Cette ressource fait-elle partie de la collection Strat\u00e9gie d'apprentissage virtuel (SAV) ?\r\n        <span class=\"frm_required\" aria-hidden=\"true\"><\/span>\r\n    <\/div>\r\n    <div class=\"frm_opt_container\" role=\"radiogroup\">\t\t<div class=\"frm_radio\" id=\"frm_radio_102-0\">\t\t\t<label  for=\"field_ghkd6-0\">\n\t\t\t\t\t<input type=\"radio\" name=\"item_meta[102]\" id=\"field_ghkd6-0\" value=\"Yes\"\n\t\t data-invmsg=\"Cette ressource fait-elle partie de la collection Strat\u00e9gie d&#039;apprentissage virtuel (SAV) ? est non valide\"   \/> Oui<\/label><\/div>\n\t\t<div class=\"frm_radio\" id=\"frm_radio_102-1\">\t\t\t<label  for=\"field_ghkd6-1\">\n\t\t\t\t\t<input type=\"radio\" name=\"item_meta[102]\" id=\"field_ghkd6-1\" value=\"No\"\n\t\t data-invmsg=\"Cette ressource fait-elle partie de la collection Strat\u00e9gie d&#039;apprentissage virtuel (SAV) ? est non valide\"   \/> Non<\/label><\/div>\n\t\t<div class=\"frm_radio\" id=\"frm_radio_102-2\">\t\t\t<label  for=\"field_ghkd6-2\">\n\t\t\t\t\t<input type=\"radio\" name=\"item_meta[102]\" id=\"field_ghkd6-2\" value=\"I&#039;m not sure\"\n\t\t data-invmsg=\"Cette ressource fait-elle partie de la collection Strat\u00e9gie d&#039;apprentissage virtuel (SAV) ? est non valide\"   \/> Pas certain.e<\/label><\/div>\n<\/div>\r\n    \r\n    \r\n<\/div>\n<div id=\"frm_field_10_container\" class=\"frm_form_field form-field  frm_required_field frm_top_container frm_full\">\r\n    <label for=\"field_9jv0r126ad6cec98\" id=\"field_9jv0r126ad6cec98_label\" class=\"frm_primary_label\">Cours enseign\u00e9(s)\r\n        <span class=\"frm_required\" aria-hidden=\"true\">*<\/span>\r\n    <\/label>\r\n    <textarea name=\"item_meta[10]\" id=\"field_9jv0r126ad6cec98\" rows=\"5\"  data-reqmsg=\"Ce champ ne peut pas \u00eatre vide\" aria-required=\"true\" data-invmsg=\"Course(s) Taught is invalid\" aria-invalid=\"false\"  ><\/textarea>\r\n    \r\n    \r\n<\/div>\n<div id=\"frm_field_12_container\" class=\"frm_form_field form-field  frm_required_field frm_top_container\">\r\n    <label for=\"field_s2odg\" id=\"field_s2odg_label\" class=\"frm_primary_label\">J\u2019envisagerai d\u2019adopter cette ressource si son contenu convient \u00e0 mon cours.\r\n        <span class=\"frm_required\" aria-hidden=\"true\">*<\/span>\r\n    <\/label>\r\n    \n<div >\n    <label class=\"frm_switch_block\">\n\t\t\n\t\t<input type=\"checkbox\" name=\"item_meta[12][]\" id=\"field_s2odg\" value=\"Qui\"\n\t\t\t checked='checked'\t\t\t\t\t\t data-frmval=\"Qui\" data-reqmsg=\"Ce champ ne peut pas \u00eatre vide\" aria-required=\"true\" data-invmsg=\"J\u2019envisagerai d\u2019adopter cette ressource si son contenu convient \u00e0 mon cours. est non valide\" aria-invalid=\"false\"  \t\t\/>\n\n\t\t<span class=\"frm_switch\" tabindex=\"0\" role=\"switch\" aria-labelledby=\"field_s2odg_label\" aria-checked=\"true\">\n\t\t\t<span class=\"frm_slider\"><\/span>\n\t\t<\/span>\n\n\t\t\t<\/label>\n<\/div>\n\r\n    \r\n    \r\n<\/div>\n<div id=\"frm_field_84_container\" class=\"frm_form_field form-field  frm_none_container\">\r\n    <label for=\"g-recaptcha-response\" id=\"field_1s4ca_label\" class=\"frm_primary_label\">reCAPTCHA\r\n        <span class=\"frm_required\" aria-hidden=\"true\"><\/span>\r\n    <\/label>\r\n    <div  id=\"field_1s4ca\" class=\"frm-g-recaptcha\" data-sitekey=\"6Lfe6M0UAAAAAI3FtuDdBsha0BD98QrieluYWekm\" data-size=\"normal\" data-theme=\"light\"><\/div>\r\n    \r\n    \r\n<\/div>\n<div id=\"frm_field_170_container\" class=\"frm_form_field form-field \">\r\n\t<div class=\"frm_submit\">\r\n\r\n<button class=\"frm_button_submit frm_final_submit\" type=\"submit\"  formnovalidate=\"formnovalidate\">Submit<\/button>\r\n\r\n<\/div>\r\n<\/div>\n\t<input type=\"hidden\" name=\"item_key\" value=\"\" \/>\n\t\t\t<div id=\"frm_field_175_container\">\n\t\t\t<label for=\"field_ckxkb\" >\n\t\t\t\tSi vous \u00eates un humain, ne remplissez pas ce champ.\t\t\t<\/label>\n\t\t\t<input  id=\"field_ckxkb\" type=\"text\" class=\"frm_form_field form-field frm_verify\" name=\"item_meta[175]\" value=\"\"  \/>\n\t\t<\/div>\n\t\t<input name=\"frm_state\" type=\"hidden\" value=\"EiPJJ0wD5iCA+TLgJXpnRhjS3hbrO8jBm42atDb5BYihddkh27K4E\/oLEkZUuUym\" \/><\/div>\n<\/fieldset>\n<\/div>\n\n<\/form>\n<\/div>\n\n\n\n\n<p><\/p>\n","protected":false},"excerpt":{"rendered":"<p>eCampusOntario recherche des personnes expertes en la mati\u00e8re et qualifi\u00e9es pour \u00e9valuer les REL de notre collection et \u00e9ventuellement les adopter comme ressources de cours si celles-ci r\u00e9pondent aux besoins du personnel enseignant. eCampusOntario publie les \u00e9valuations dans la Biblioth\u00e8que libre, lesquelles sont accessibles au public sous la licence Creative Commons Attribution-NoDerivatives 4.0 (CC BY-ND [&hellip;]<\/p>\n","protected":false},"author":1,"featured_media":0,"parent":0,"menu_order":0,"comment_status":"closed","ping_status":"closed","template":"","meta":{"footnotes":""},"class_list":["post-130","page","type-page","status-publish","hentry"],"_links":{"self":[{"href":"https:\/\/openlibrary.ecampusontario.ca\/fr\/wp-json\/wp\/v2\/pages\/130","targetHints":{"allow":["GET"]}}],"collection":[{"href":"https:\/\/openlibrary.ecampusontario.ca\/fr\/wp-json\/wp\/v2\/pages"}],"about":[{"href":"https:\/\/openlibrary.ecampusontario.ca\/fr\/wp-json\/wp\/v2\/types\/page"}],"author":[{"embeddable":true,"href":"https:\/\/openlibrary.ecampusontario.ca\/fr\/wp-json\/wp\/v2\/users\/1"}],"replies":[{"embeddable":true,"href":"https:\/\/openlibrary.ecampusontario.ca\/fr\/wp-json\/wp\/v2\/comments?post=130"}],"version-history":[{"count":24,"href":"https:\/\/openlibrary.ecampusontario.ca\/fr\/wp-json\/wp\/v2\/pages\/130\/revisions"}],"predecessor-version":[{"id":47028,"href":"https:\/\/openlibrary.ecampusontario.ca\/fr\/wp-json\/wp\/v2\/pages\/130\/revisions\/47028"}],"wp:attachment":[{"href":"https:\/\/openlibrary.ecampusontario.ca\/fr\/wp-json\/wp\/v2\/media?parent=130"}],"curies":[{"name":"wp","href":"https:\/\/api.w.org\/{rel}","templated":true}]}}