{"id":160,"date":"2022-03-15T20:54:27","date_gmt":"2022-03-15T20:54:27","guid":{"rendered":"https:\/\/rc-oli.ecampusontario.ca\/about\/"},"modified":"2026-01-30T13:51:36","modified_gmt":"2026-01-30T18:51:36","slug":"a-propos","status":"publish","type":"page","link":"https:\/\/openlibrary.ecampusontario.ca\/fr\/a-propos\/","title":{"rendered":"\u00c0 propos"},"content":{"rendered":"\n<p>La Biblioth\u00e8que libre d\u2019eCampusOntario offre aux personnes enseignantes et apprenantes l\u2019acc\u00e8s \u00e0 plus de 1 900 ressources \u00e9ducatives gratuites \u00e0 licence ouverte (REL). La biblioth\u00e8que a \u00e9t\u00e9 lanc\u00e9e en 2017 en partenariat avec BCcampus, et depuis son lancement, eCampusOntario continue \u00e0 l\u2019am\u00e9liorer afin de r\u00e9pondre aux besoins du secteur postsecondaire en Ontario. Gr\u00e2ce au projet Open Publishing Infrastructure, une initiative conjointe d\u2019eCampusOntario et de l&rsquo;Universit\u00e9 Toronto Metropolitan, la biblioth\u00e8que est maintenant int\u00e9gr\u00e9e \u00e0 une infrastructure d\u2019\u00e9dition, facilitant ainsi la cr\u00e9ation ou l\u2019adaptation de REL. eCampusOntario a \u00e9galement soutenu les am\u00e9liorations apport\u00e9es \u00e0 la plateforme PressbooksEDU, notamment l&rsquo;int\u00e9gration de contenu interactif H5P, le suivi des versions et la prise en charge du clonage.<\/p>\n\n\n\n<h2 class=\"wp-block-heading\">\u00c9v\u00e9nements de la Biblioth\u00e8que libre<\/h2>\n\n\n\n<p>Joignez-vous aux \u00e9v\u00e9nements virtuels organis\u00e9s par la Biblioth\u00e8que libre consacr\u00e9s \u00e0 l&rsquo;utilisation, l&rsquo;adaptation, l&rsquo;adoption et la cr\u00e9ation de ressources \u00e9ducatives libres (REL).<\/p>\n\n\n\n<div class=\"wp-block-buttons is-layout-flex wp-block-buttons-is-layout-flex\">\n<div class=\"wp-block-button\"><a class=\"wp-block-button__link wp-element-button\" href=\"https:\/\/openlibrary.ecampusontario.ca\/fr\/evenements\/\">\u00c9v\u00e9nements<\/a><\/div>\n<\/div>\n\n\n\n<h2 class=\"wp-block-heading mt-4\">Ajout \u00e0 la biblioth\u00e8que<\/h2>\n\n\n\n<p>Avez-vous cr\u00e9\u00e9 ou adapt\u00e9 une REL qui convient \u00e0 l&rsquo;enseignement postsecondaire en Ontario? Avez-vous trouv\u00e9 une REL qui r\u00e9pond \u00e0 vos normes d\u2019assurance qualit\u00e9 et qui devrait, selon vous, \u00eatre publi\u00e9e dans la Biblioth\u00e8que libre? Faites-nous en part!<\/p>\n\n\n\n<div class=\"wp-block-buttons is-layout-flex wp-block-buttons-is-layout-flex\">\n<div class=\"wp-block-button mb-5 mt-1\"><a class=\"wp-block-button__link wp-element-button\" href=\"https:\/\/openlibrary.ecampusontario.ca\/fr\/soumettre-une-rel\/#\/\">Soumettre une REL<\/a><\/div>\n<\/div>\n\n\n\n<h2 class=\"wp-block-heading\">Remerciements<\/h2>\n\n\n\n<p>La Biblioth\u00e8que libre d\u2019eCampusOntario est le fruit du projet Open Publishing Infrastructure, une collaboration entre eCampusOntario et l&rsquo;Universit\u00e9 Toronto Metropolitan University. Nous remercions tout particuli\u00e8rement Hugh McGuire de la Fondation Rebus &#8211; Agile Humanities, Peggy French d&rsquo;eCampusOntario et les \u00e9quipes de la Biblioth\u00e8que, de l&rsquo;Office of e-Learning et de la Chang School de l&rsquo;Universit\u00e9 Toronto Metropolitan, pour leurs contributions.<\/p>\n\n\n\n<p><\/p>\n","protected":false},"excerpt":{"rendered":"<p>La Biblioth\u00e8que libre d\u2019eCampusOntario offre aux personnes enseignantes et apprenantes l\u2019acc\u00e8s \u00e0 plus de 1 900 ressources \u00e9ducatives gratuites \u00e0 licence ouverte (REL). La biblioth\u00e8que a \u00e9t\u00e9 lanc\u00e9e en 2017 en partenariat avec BCcampus, et depuis son lancement, eCampusOntario continue \u00e0 l\u2019am\u00e9liorer afin de r\u00e9pondre aux besoins du secteur postsecondaire en Ontario. Gr\u00e2ce au projet [&hellip;]<\/p>\n","protected":false},"author":1,"featured_media":0,"parent":0,"menu_order":0,"comment_status":"closed","ping_status":"closed","template":"","meta":{"footnotes":""},"class_list":["post-160","page","type-page","status-publish","hentry"],"_links":{"self":[{"href":"https:\/\/openlibrary.ecampusontario.ca\/fr\/wp-json\/wp\/v2\/pages\/160","targetHints":{"allow":["GET"]}}],"collection":[{"href":"https:\/\/openlibrary.ecampusontario.ca\/fr\/wp-json\/wp\/v2\/pages"}],"about":[{"href":"https:\/\/openlibrary.ecampusontario.ca\/fr\/wp-json\/wp\/v2\/types\/page"}],"author":[{"embeddable":true,"href":"https:\/\/openlibrary.ecampusontario.ca\/fr\/wp-json\/wp\/v2\/users\/1"}],"replies":[{"embeddable":true,"href":"https:\/\/openlibrary.ecampusontario.ca\/fr\/wp-json\/wp\/v2\/comments?post=160"}],"version-history":[{"count":22,"href":"https:\/\/openlibrary.ecampusontario.ca\/fr\/wp-json\/wp\/v2\/pages\/160\/revisions"}],"predecessor-version":[{"id":46899,"href":"https:\/\/openlibrary.ecampusontario.ca\/fr\/wp-json\/wp\/v2\/pages\/160\/revisions\/46899"}],"wp:attachment":[{"href":"https:\/\/openlibrary.ecampusontario.ca\/fr\/wp-json\/wp\/v2\/media?parent=160"}],"curies":[{"name":"wp","href":"https:\/\/api.w.org\/{rel}","templated":true}]}}