{"id":184,"date":"2022-03-16T14:05:24","date_gmt":"2022-03-16T14:05:24","guid":{"rendered":"https:\/\/rc-oli.ecampusontario.ca\/impact\/"},"modified":"2025-07-22T14:30:10","modified_gmt":"2025-07-22T18:30:10","slug":"impact","status":"publish","type":"page","link":"https:\/\/openlibrary.ecampusontario.ca\/fr\/impact\/","title":{"rendered":"Impact"},"content":{"rendered":"<div class=\"wp-block-columns\">\n<div class=\"wp-block-column\">\n<h2>\u00c9conomies totales:<\/h2>\n\n<h3> $38,778,436<\/h3>\n\nLe calcul de \u00e9conomies engendr\u00e9es par les ressources \u00e9ducatives libres (REL) repr\u00e9sente la r\u00e9duction des frais de manuels obligatoires des enseignants de l\u2019Ontario qui utilisent les REL pour remplacer une ou plusieurs des ressources qu\u2019ils affectent aux \u00e9tudiants. Ce chiffre est calcul\u00e9 \u00e0 l\u2019aide des donn\u00e9es rapport\u00e9es volontairement par les \u00e9ducateurs utilisant les REL dans leur enseignement en remplissant un formulaire sur le site web de la Biblioth\u00e8que Libre d\u2019eCampusOntario. Les \u00e9conomies sont calcul\u00e9es en multipliant le co\u00fbt de la ressource remplac\u00e9e par le nombre moyen d\u2019\u00e9l\u00e8ves inscrits par section de cours. Ce nombre est ensuite multipli\u00e9 par le nombre de sections propos\u00e9es par semestre et le nombre de semestres pour lesquels l\u2019enseignant compte utiliser les REL en remplacement \u00e0 des ressources payantes.Le nombre total d\u2019\u00e9conomie repr\u00e9sente la somme de tous les donn\u00e9es rapport\u00e9es pour les enseignants de l\u2019Ontario.<\/div>\n\n<div class=\"wp-block-column\">\n<h2>Combien \u00e9pargneriez-vous?<\/h2>\nEssayez notre calculatrice d\u2019\u00e9conomies REL pour savoir combien leurs utilisations pourraient \u00e9conomiser des sous pour vos \u00e9tudiants.\n<div class=\"cal-box mb-1\">\n                    <h4 class=\"cal-title\"> Calculez<\/h4>\n                    <div class=\"cal-input\">\n                        <label for=\"input-1\">Co\u00fbt de la ressource actuelle par \u00e9l\u00e8ve<\/label>\n                        <input class=\"cal-input-field\" id=\"input-1\" min=\"0\" step=\"any\" type=\"number\" value=\"0\">\n                    <\/div>\n                    <div class=\"cal-input\">\n                        <label for=\"input-2\">Nombre d\u2019\u00e9tudiants par section<\/label>\n                        <input class=\"cal-input-field\" id=\"input-2\" min=\"0\" step=\"any\" type=\"number\" value=\"0\">\n                    <\/div>\n                    <div class=\"cal-input\">\n                        <label for=\"input-3\">Nombre de sections par trimestre<\/label>\n                        <input class=\"cal-input-field\" id=\"input-3\" min=\"0\" step=\"any\" type=\"number\" value=\"0\">\n                    <\/div>\n                    <span class=\"total m-1\">\u00c9conomies totales: $0,00<\/span>\n                <\/div>\n                <p class=\"has-text-align-center\"><button role=\"button\" style=\"width:auto;\"class=\"wp-block-button__link\" id=\"embed-btn\" onclick=\"embedCalc()\">&lt; &gt; Embed<\/button><\/p>\n                 <textarea class=\"mt-1\" style=\"display: none; width:100%;\" id=\"embedCode\" rows=\"5\"><iframe loading=\"lazy\" width=\"320\" height=\"200\" frameborder=\"0\" scrolling=\"no\" src=\"https:\/\/openlibrary.ecampusontario.ca\/oer-calculator\/\"><p>Your browser does not support iframes.<\/p><\/iframe><\/textarea>\n<\/div>\n<\/div>\n\n<!-- advocacy page -->\n\n \n  <div class=\"desktop-pbi-container\">\n  <h3 class=\"mt-4 mb-4\">Adoption Data Explorer<\/h3>\n\n  <p>Explore the data from adoption reports submitted to the Open Library in the dashboards below. See a breakdown by year in the <b>Overview by year<\/b> tab or explore specific institutions in the <b>Savings by institution<\/b> tab. This data can help you understand the level of open education engagement in Ontario and at your institution.<\/p>\n\n  <p>You can contribute to the dashboards by sharing your adoption reports with the Open Library. If you have historic data to share, please contact the Open Library team at <a href=\"mailto:open@ecampusontario.ca\">open@ecampusontario.ca<\/a>.<\/p>\n\n  <div>\n    <div id=\"adoption-chart-desc\" class=\"sr-only\" tabindex=\"0\">\n      <p>The \u201cOverview by Year\u201d chart shows total learner savings in Ontario from the 2017\u201318 to 2025\u201326 academic years. Savings are broken down by whether the reporting institution is an Open Library member or not. Reported savings increased steadily after 2018\u201319, peaking in 2024\u201325 at approximately ten million dollars.<\/p>\n      <p>The \u201cSavings by Institution\u201d chart shows total learner savings by reporting institution. The largest reported savings came from Fanshawe College and Conestoga College, followed by Ontario Tech University, University of Windsor, and McMaster University. The table to the right summarizes total learners impacted: Colleges 232,028; Indigenous Institutes 30; Non-members 46,839; Universities 148,048; Total 426,945.<\/p>\n    <\/div>\n\n          <!-- French Power BI iframe -->\n      <iframe\n        id=\"adoption-chart\"\n        aria-describedby=\"adoption-chart-desc\"\n        title=\"Open Library \u2013 Adoption Data Explorer showing OER savings by year and institution\"\n        width=\"100%\"\n        style=\"height:600px;\"\n        src=\"https:\/\/app.powerbi.com\/view?r=eyJrIjoiYmM0NWE3YjYtOWM4MS00ZmVlLWEyMjQtYTIxODE3ZWIyMzBhIiwidCI6ImIzNjkwZWVmLTAwMTItNGQ0Mi04NmNiLTc5YzFkYmFjNTYzZCJ9&#038;pageName=33f3ff10973965aa80de\"\n        frameborder=\"0\"\n        allowfullscreen>\n      <\/iframe>\n      <\/div>\n<\/div>\n\n<div class=\"mobile-pbi-container\">\n  <h3 class=\"mt-4 mb-4\">Adoption Data Explorer<\/h3>\n\n  <p>Explore the data from adoption reports submitted to the Open Library in the dashboards below. See a breakdown by year in the <b>Overview by year<\/b> tab or explore specific institutions in the <b>Savings by institution<\/b> tab. This data can help you understand the level of open education engagement in Ontario and at your institution.<\/p>\n\n  <p>You can contribute to the dashboards by sharing your adoption reports with the Open Library. If you have historic data to share, please contact the Open Library team at <a href=\"mailto:open@ecampusontario.ca\">open@ecampusontario.ca<\/a>.<\/p>\n\n      <div id=\"embed-container-fr\" class=\"embed-container\" style=\"height:800px;\"><\/div>\n  <\/div>\n\n \n<!-- adv page end -->\n\n\n\t<h3>T\u00e9l\u00e9chargements<\/h3>    \n    <div class=\"iframe-container\">\n\t  <p id=\"downloads-chart-desc\" class=\"sr-only\" tabindex=\"0\">\n\t\tDescription of interactive map chart: This world map shows total resource downloads from the Open Library between March 1, 2019, and <span id=\"downloads-date\"><\/span>. Users can interact with the map by clicking on a country to view its specific download count. A date filter control above the map allows users to adjust the time range for the displayed data. The chart helps visualize global engagement with Open Library resources over time.\t  <\/p>\n\n\t  <iframe\n\t\tid=\"downloads-chart\"\n\t\ttitle=\"Open Library \u2013 Global Downloads Map\"\n\t\taria-describedby=\"downloads-chart-desc\"\n\t\tsrc=\"https:\/\/datastudio.google.com\/embed\/reporting\/1zhRxHjB0MB1gJcL2o79qiNNruRN7jIx5\/page\/pvHw\"\n\t\tframeborder=\"0\"\n\t\tstyle=\"border:0\"\n\t\tallowfullscreen>\n\t  <\/iframe>\n\t<\/div>\n\n    <h3 class=\"mt-4 mb-4\">Statistiques<\/h3>\n\n\n<!-- Totals Table -->\n<table class=\"oer-accessible-table\">\n    <caption>Nombre total d\u2019adoptions de REL<\/caption>\n    <thead>\n        <tr>\n            <th scope=\"col\">Cat\u00e9gorie<\/th>\n            <th scope=\"col\">Total<\/th>\n        <\/tr>\n    <\/thead>\n    <tbody>\n        <tr>\n            <th scope=\"row\">Nombre total \u00e9tudiants<\/th>\n            <td>426,945<\/td>\n        <\/tr>\n        <tr>\n            <th scope=\"row\">Nombre total de sections de cours utilisant des REL<\/th>\n            <td>6,870<\/td>\n        <\/tr>\n        <tr>\n            <th scope=\"row\">\u00c9ducateurs\/Enseignants uniques<\/th>\n            <td>621<\/td>\n        <\/tr>\n        <tr>\n            <th scope=\"row\">Institutions ontariennes utilisant les REL            <\/th>\n            <td>46<\/td>\n        <\/tr>\n    <\/tbody>\n<\/table> \n<!-- Average Savings Table -->\n<table class=\"oer-accessible-table\">\n    <caption>\u00c9conomies moyennes par cat\u00e9gorie<\/caption>\n    <thead>\n        <tr>\n            <th scope=\"col\">Cat\u00e9gorie<\/th>\n            <th scope=\"col\">\u00c9conomies moyennes<\/th>\n        <\/tr>\n    <\/thead>\n    <tbody>\n        <tr>\n            <th scope=\"row\"> <img decoding=\"async\" src=\"\/wp-content\/themes\/eco-openlibrary-portal\/images\/impact-icons\/icon-education.svg\"\n                    alt=\"\" class=\"table-icon\" \/>\n                Par \u00e9ducateur\/enseignant <\/th>\n            <td>$62,445<\/td>\n        <\/tr>\n        <tr>\n            <th scope=\"row\"> <img decoding=\"async\" src=\"\/wp-content\/themes\/eco-openlibrary-portal\/images\/impact-icons\/icon-selection.svg\"\n                    alt=\"\" class=\"table-icon\" \/>\n                Par section de cours <\/th>\n            <td>$5,645<\/td>\n        <\/tr>\n        <tr>\n            <th scope=\"row\"> <img decoding=\"async\" src=\"\/wp-content\/themes\/eco-openlibrary-portal\/images\/impact-icons\/icon-learner.svg\"\n                    alt=\"\" class=\"table-icon\" \/>\n                Par \u00e9tudiant <\/th>\n            <td>$90.83<\/td>\n        <\/tr>\n    <\/tbody>\n<\/table>\n\n<div class=\"has-text-align-center mt-5\">\n  \n  <h3 class=\"mt-5\">\n    Vous utiliser des REL?  <\/h3>\n\n  <a role=\"button\"\n     style=\"width:auto;\"\n     class=\"wp-block-button__link\"\n     href=\"\/fr\/signaler-une-adoption\">\n     Signalez votre adoption  <\/a>\n<\/div>\n\n<!-- \n<script src=\"https:\/\/code.jquery.com\/jquery-3.6.0.min.js\" integrity=\"sha256-\/xUj+3OJU5yExlq6GSYGSHk7tPXikynS7ogEvDej\/m4=\" crossorigin=\"anonymous\"><\/script>\n-->\n\n\n <script src=\"https:\/\/code.jquery.com\/jquery-3.7.1.min.js\" integrity=\"sha256-\/JqT3SQfawRcv\/BIHPThkBvs0OEvtFFmqPF\/lYI\/Cxo=\" crossorigin=\"anonymous\"><\/script>\n    <!--PBI libr-->\n <script src=\"https:\/\/cdn.jsdelivr.net\/npm\/powerbi-client@2.18.0\/dist\/powerbi.min.js\"><\/script>\n\n\n\n<script type=\"text\/javascript\">\n    jQuery(document).ready(function() {\n    \/\/ Calculator method   \n    jQuery(\".cal-input-field\").each(function() {\n       \tjQuery(this).on('keyup change', function () {\n    \t    var o1 = jQuery(\"#input-1\").val();\n    \t    var o2 = parseInt(jQuery(\"#input-2\").val());\n    \t    var o3 = parseInt(jQuery(\"#input-3\").val());\n    \t    var total=o3*o2*o1;\n    \t    var cost = total.toFixed(2);\n    \t    if(!isNaN(cost)){\n    \t    \tcost=cost.toString().replace(\/(\\d)(?=(\\d{3})+(?!\\d))\/g, '$1,');              \n    \t    \t  jQuery(\".total\").text(\"Total Savings: $\" + cost);            \n    \t  \t}\n    \t  \telse{\n    \t  \t\t   jQuery(\".total\").text(\"Total Savings: $0.00\");              \n    \t  \t}\n       \t});\n     \t});\n    });\n\n     function embedCalc() {\n      var textArea = document.getElementById(\"embedCode\");\n      textArea.style.display=\"block\";\n    }\n\n<!-- \n<\/script>\n\n<script type=\"text\/javascript\">\n$(function () {\n-->\n    \/\/ 1 - Get DOM object for the div that's the report container.\n    var reportContainer = document.getElementById(\"embed-container\");\n    var reportContainerFr = document.getElementById(\"embed-container-fr\");\n\n    \/\/Get PBI token\n    const devUrl = \"http:\/\/localhost:7071\/api\/pbi_token\"\n    const prodUrl = 'https:\/\/pbi-advocacypage.azurewebsites.net\/api\/pbi_token?'\n    async function getData(){\n        const response = await fetch(prodUrl)\n            .then(res => res.json())\n        return response['token']\n    }\n\n    \/\/const token = \"H4sIAAAAAAAEACXSt66EVgBF0X957VgiJ0suyDDkMKQOhswlZyz_u5_l_ugUS_vvHzu9wZjmP3_-lKr7VIiI6io81iWv-PIqbbHowKA1cE6HGvuQd329TSzwVYYqPagYn4NAIuJtrxKeO-9mSLB9mhpXtxBK3OJKfbRP32bze6GLjyfuQaBwBU-zn903qYasN0GPV1lzOYy7slfNkJI2Bwu6QCOke-yuKyFPDUBIVW9n8gd3YjUjjZKXGTSSxUel36FEw4xoegLphrXe5oPcd62SMA9qzBifKSJGdwxcZ1IGTtaLSQcvisA2NAzAU_4a_OVZuF4hmDJKBL23Qtvo06PBKeARRH-tsi88MlrhK1k7ynv1cPuyMUbSPvrCj7ntvi15JSVK46jEdNPaDJ3boTA6V56GrzJk3x6G3DrF69GtaNZIb7_FhwTgeBS_TEZzbR160cUmZo4QmUZunPcKPG5MUFbmB1g4da9xPt5JnGVGJNvBd6xMeIzxN1dTL7EIVdruqsUg5hhjv-sqbuLcYFuxIdBT7GMky3d88_oNvgSr6NB-kRZemlV-x1pRvJMkfHizuGA5cZCsnlSth7z7hTcj1jYnv5JT_4k-ZUu84RqhJLc20cebDQi8j5S2WfiVloFAbb3Uj9Ya0nmKWK5pMYCap3WKpgNKly-77KPoXA2zVhF1yrHb0fN0GOXIH_iHf1lnZLzyqjIcklv7y0OLLBJuQQTYSUSXbeWzQDbaGDFHtSl3K37byTOPPiCG1HOgqrU_EDHz_l1hnobFiChdLXnbRznDQ7UHsDZnSfXXXz9__PDLPW2jVty_mVvc4ubnxI01OsCW-qJq6dSK1m9HMYzLfsjyy2lssCPWUA8cg_5yBIoEJzxjNPzIUoBTdmhzR1VB-hG48CIrPIoFe5loG0uoXq1lrRd5FJmCaLiZq3d6oeCsp2Pp22OF5OEa6tUqTnS_b7xvymn3XGg8BxgXITUw1WXTPzyeKfq6YUpVps2MzlbeQAiPt_AhifqrR9q0U13ODzOjG-yKLefywVsxx0feR6qKDLI509q72EoETJzuGXUDPJ8J8e7pt0TyGVPVoRLWDTgHa-6sWw43x3nAKFqydnjQXUOXBS3oZMZHiPX1vravpQg10pB2Stq7wCn8ds9T5yOzqSEp1yr2f-Z7qotFDX6V_Un8_Y2N7jNbQrigrFexxP8rr6mGdNuX4ncWXph5mcAk5YakRR9fgMAxeSrFXQ8FLlibD0U3DzD59ioFd2Vi8XgJDJFCdZVDGnoTt-9qMQeKYsMLkr7vxEjcoUZZ1-d8KTCyLii6M-NEi8W3t9wTp5pKHuLRE18AK8zgx9za1cb1eQt-U8P2zeDhuxTCVLIaQkiKF64LMKfRQLXxQTV6puwlThHFNSY5RmfLrtLNbU176p2suxUiORGKjM7p3L6FM_3YKXsIMgZSJ5m_mj-BDt-F6Dvyq_HwKt3qlutEDowgHAHwbIb07oIIbo6K4Jgh9WP4HuR35vWpVvnTtN4pTzHErecOByRPRxNddL-S0Y69aL46VzqFwBKX_zX_z7-xoce62gUAAA==.eyJjbHVzdGVyVXJsIjoiaHR0cHM6Ly9XQUJJLUNBTkFEQS1DRU5UUkFMLXJlZGlyZWN0LmFuYWx5c2lzLndpbmRvd3MubmV0IiwiZXhwIjoxNzI1ODk2MTY4LCJhbGxvd0FjY2Vzc092ZXJQdWJsaWNJbnRlcm5ldCI6dHJ1ZX0=\"\n\n    \/\/ 2 - Get the report embedding data from the view model.\n    const groupId = \"df555eb8-13d0-4986-9251-b8a46b424e62\";\n    const reportId = \"e08ebb6c-f064-403b-85df-cf23c00c481d\";\n    const embedUrl =\n        \"https:\/\/app.powerbi.com\/reportEmbed?reportId=e08ebb6c-f064-403b-85df-cf23c00c481d&groupId=df555eb8-13d0-4986-9251-b8a46b424e62&w=2&config=eyJjbHVzdGVyVXJsIjoiaHR0cHM6Ly9XQUJJLUNBTkFEQS1DRU5UUkFMLXJlZGlyZWN0LmFuYWx5c2lzLndpbmRvd3MubmV0IiwiZW1iZWRGZWF0dXJlcyI6eyJ1c2FnZU1ldHJpY3NWTmV4dCI6dHJ1ZX19\";\n\n    \/\/ 3 - Embed the report by using the Power BI JavaScript API.\n    \/\/ Encapsulate it in a func to caputre async result from pbi token\n    function generatePBI(token){\n        var models = window[\"powerbi-client\"].models;\n        \n        var config = {\n            type: \"report\",\n            id: reportId,\n            embedUrl: embedUrl,\n            accessToken: token,\n            permissions: models.Permissions.All,\n            tokenType: models.TokenType.Embed,\n            viewMode: models.ViewMode.View,\n            pageName: \"ReportSection\", \/\/Name from EN page - dislayName = Savings\n            settings: {\n                panes: {\n                    filters: { expanded: false, visible: true },\n                    pageNavigation: { visible: false },\n                },\n                layoutType: models.LayoutType.MobilePortrait\n            },\n        };\n    \n        var configFr = {\n            type: \"report\",\n            id: reportId,\n            embedUrl: embedUrl,\n            accessToken: token,\n            permissions: models.Permissions.All,\n            tokenType: models.TokenType.Embed,\n            viewMode: models.ViewMode.View,\n            pageName: \"33f3ff10973965aa80de\", \/\/Name from FR page - displayName = Economies FR\n            settings: {\n                panes: {\n                    filters: { expanded: false, visible: true },\n                    pageNavigation: { visible: false },\n                },\n                layoutType: models.LayoutType.MobilePortrait\n            },\n        };\n    \n        \/\/ Embed the report and display it within the div container.\n        \/\/ Embed English or French report depending on which container exists\n\t\tlet report, reportLoad;\n\n\t\tif (reportContainer) {\n\t\t\treport = powerbi.embed(reportContainer, config);\n\t\t\treportLoad = powerbi.load(reportContainer, config);\n\t\t}\n\t\tif (reportContainerFr) {\n\t\t\treport = powerbi.embed(reportContainerFr, configFr);\n\t\t\treportLoad = powerbi.load(reportContainerFr, configFr);\n\t\t}\n\n\t\t\/\/ Only proceed if a report was actually embedded\n\t\tif (reportLoad) {\n\t\t\treportLoad.on('loaded', function() {\n\t\t\t\treportLoad.getPages().then(pages => {\n\t\t\t\t\tpages.map(p => console.log(p));\n\t\t\t\t});\n\t\t\t});\n\t\t}\n\n        \n        console.log(reportLoad)\n    \n        reportLoad.on('loaded', function(){\n            reportLoad.getPages().then(pages => {\n                pages.map(p => console.log(p))\n            })\n        })\n    \n    \n        \/\/ 4 - Add logic to resize the embed container on a window resize event.\n        var heightBuffer = 12;\n        var newHeight = $(window).height() - ($(\"header\").height() + heightBuffer);\n        $(\"#embed-container\").height(newHeight);\n        $(window).resize(function () {\n            var newHeight = $(window).height() - ($(\"header\").height() + heightBuffer);\n            $(\"#embed-container\").height(newHeight);\n        });\n        \n    }\n\n    \/\/Run all methods to generate mobile pbi visuals\n    console.log('load file')\n    async function runPipeline(){\n        console.log('entered pipeline')\n        const token = await getData()\n        console.log(token)\n        generatePBI(token)\n\n    }\n    runPipeline()\n});\n \n\tdocument.addEventListener('DOMContentLoaded', function() {\n    const today = new Date();\n    \/\/ Use PHP to detect WPML language and output to JS\n    const lang = 'fr';\n    \n    let formattedDate;\n\n    if (lang === 'fr') {\n      \/\/ French (Canada) format\n      formattedDate = today.toLocaleDateString('fr-CA', {\n        day: 'numeric',\n        month: 'long',\n        year: 'numeric'\n      });\n    } else {\n      \/\/ Default to English (Canada)\n      formattedDate = today.toLocaleDateString('en-CA', {\n        year: 'numeric',\n        month: 'long',\n        day: 'numeric'\n      });\n    }\n\n    document.getElementById('downloads-date').textContent = formattedDate;\n  });\n\n<\/script>\n\n\n\n<style>\n.cal-box {\n\tdisplay: -webkit-box;\n\tdisplay: -ms-flexbox;\n\tdisplay: flex;\n\t-webkit-box-orient: vertical;\n\t-webkit-box-direction: normal;\n\t-ms-flex-direction: column;\n\tflex-direction: column;\n\tborder: 1.5px solid #000;\n\tborder-radius: 10px;\n}\n.cal-title {\n\tpadding: 0.6em;\n\tmargin: 0px;\n\tbackground-color: #f2a31c;\n    text-align:center;\n\n\tborder-radius: 8px 8px 0px 0px;\n}\n.cal-input {\n\tdisplay: flex;\n\tjustify-content: space-between;\n\tmargin: 0.5em 4em;\n\ttext-align: left;\n}\n.cal-input label {\n\twidth: 70%;\n\tmax-width: 70%;\n}\n.cal-input-field {\n\twidth: 30%;\n\tmax-width: 30%;\n\tborder: none;\n\tborder-radius: 5px;\n\tbackground-color: #dfe0e0;\n\tpadding-left: 0.5em;\n}\n.total {\n\tfont-size: 1.7em;\n\tfont-weight: bold;\n    text-align:center;\n}\n.iframe-container{overflow: hidden;\n    padding-top: 58.25%;\n    position: relative;display: flex;\n    width: 100%;}\n    \n.iframe-container iframe{height: 100%;\n    left: 0;\n    position: absolute;\n    top: 0;\n    width: 100%;}\n<\/style>\n\n<!-- advocacy page style -->\n<style>\n\n.desktop-pbi-container{\n    display: none;\n}\n\n.mobile-pbi-container{\n    display: block;\n}\n\n.embed-container{\n    clip-path: inset(40px 0 0 0);\n}\n\n.notification-bar{\n    display: none;\n}\n\n@media screen and (min-width: 768px){\n    .desktop-pbi-container{\n        display: block;\n    }\n    .mobile-pbi-container{\n        display: none;\n    }\n\n    iframe{\n        clip-path: inset(0 0 37px 0);\n    }\n}\n<\/style>\n\n\n<p><\/p>\n","protected":false},"excerpt":{"rendered":"","protected":false},"author":1,"featured_media":0,"parent":0,"menu_order":0,"comment_status":"closed","ping_status":"closed","template":"","meta":{"footnotes":""},"class_list":["post-184","page","type-page","status-publish","hentry"],"_links":{"self":[{"href":"https:\/\/openlibrary.ecampusontario.ca\/fr\/wp-json\/wp\/v2\/pages\/184","targetHints":{"allow":["GET"]}}],"collection":[{"href":"https:\/\/openlibrary.ecampusontario.ca\/fr\/wp-json\/wp\/v2\/pages"}],"about":[{"href":"https:\/\/openlibrary.ecampusontario.ca\/fr\/wp-json\/wp\/v2\/types\/page"}],"author":[{"embeddable":true,"href":"https:\/\/openlibrary.ecampusontario.ca\/fr\/wp-json\/wp\/v2\/users\/1"}],"replies":[{"embeddable":true,"href":"https:\/\/openlibrary.ecampusontario.ca\/fr\/wp-json\/wp\/v2\/comments?post=184"}],"version-history":[{"count":19,"href":"https:\/\/openlibrary.ecampusontario.ca\/fr\/wp-json\/wp\/v2\/pages\/184\/revisions"}],"predecessor-version":[{"id":3039,"href":"https:\/\/openlibrary.ecampusontario.ca\/fr\/wp-json\/wp\/v2\/pages\/184\/revisions\/3039"}],"wp:attachment":[{"href":"https:\/\/openlibrary.ecampusontario.ca\/fr\/wp-json\/wp\/v2\/media?parent=184"}],"curies":[{"name":"wp","href":"https:\/\/api.w.org\/{rel}","templated":true}]}}