{"id":2351,"date":"2024-02-27T12:16:57","date_gmt":"2024-02-27T17:16:57","guid":{"rendered":"https:\/\/openlibrary.ecampusontario.ca\/les-projets-de-rel-specialises\/"},"modified":"2024-03-20T15:39:25","modified_gmt":"2024-03-20T19:39:25","slug":"specialized-oer","status":"publish","type":"page","link":"https:\/\/openlibrary.ecampusontario.ca\/fr\/specialized-oer\/","title":{"rendered":"Les projets de REL sp\u00e9cialis\u00e9s"},"content":{"rendered":"<style>\n.d-flex{display: flex;\n    align-content: center;\n    justify-content: center;}\n    \/*.main-hero {\n  background-image: url(\"https:\/\/openlibrary.ecampusontario.ca\/wp-content\/uploads\/sites\/3\/2022\/09\/oer-pic.png\");\n}*\/\n.main-hero {\n  background-image: url(\"https:\/\/openlibrary.ecampusontario.ca\/wp-content\/uploads\/sites\/3\/2023\/06\/IntegratedOER-202382.jpg\");\n  \n}\n\n.main-hero h1{margin-bottom:0.7rem;}\n    .page-content-container{ padding: 2rem;}\n    .heading-involved{\n    line-height: 1.1;\n    }\n    .main-hero h2 {\n    font-size: 16px;\n    margin-top:5px;\n}\n    .m-0{margin:0px !important;}\n   .pl-0{padding-left:0px !important;}\n    .p-2{padding:1rem;}\n    .section-text {line-height:1.4;}\n    .wp-block-separator{border-top: 0.5px solid;\n    border-bottom: 0px ;}\n    \n    .wp-block-button__link {\n    background-color: #f1b434;\n    border-radius: 0.3125rem;\n    color: #1e1a34;\n    padding: 0.875rem 1.75rem;\n    text-decoration: none;\n    transition: all 0.3s ease;\n    font-family: \"FrutigerLTPro-Bold\";\n}\n.wp-block-button__link:hover{\nbackground-color: #f4c767;\n    color: #1e1a34;\n    text-decoration: none;\n}\n    \n<\/style>\n\n<style>\n.accordion-head {\nmargin-top:0px !important;\n  border: 4px solid #f1b434;\n    border-radius: 1.375rem;\n   \ncolor:#000;\n  cursor: pointer;\n  padding: 18px;\n  width: 100%;\n  text-align: left;\n  outline: none;\n  font-size: 22px;\n  transition: 0.4s;\n\/*margin-bottom:0.5em;*\/\nfont-weight: bold;\n}\n.accordion-title{\nfont-size: 22px;\nfont-weight: bold;\nfont-family: 'FrutigerLTPro-Roman';\npadding-top:8px;\n}\n.accordion-head:hover {\n  background-color: #f1b434;\n}\n\n.accordion-head:after {\n  content: '\\002B';\n  color: #000;\n  font-weight: bold;\n  float: right;\n  margin: auto 10px auto auto;\n}\n\n.active:after {\n  content: \"\\2212\" !important;\n}\n\n.panel {\n  padding:  0 18px;\n  background-color: white;\n  max-height: 0;\n  overflow: hidden;\n  transition: max-height 0.2s ease-out;\nmargin:0.5em 0;\n}\n\n<\/style>\n<script>\ndocument.addEventListener(\"DOMContentLoaded\", function(event) {\nvar acc = document.getElementsByClassName(\"accordion-head\");\nvar i;\n\nfor (i = 0; i < acc.length; i++) {\n  acc[i].addEventListener(\"click\", function() {\n  console.log('test');\n    this.classList.toggle(\"active\");\n    var panel = this.nextElementSibling;\n    if (panel.style.maxHeight) {\n      panel.style.maxHeight = null;\n      panel.style.padding =  \"0px\";\n    } else {\n      panel.style.maxHeight = panel.scrollHeight+100+ \"px\";\npanel.style.padding =  \"30px\";\n    } \n  });\n}\n});\n<\/script>\n\n\n<section class=\"main-hero\" style=\"background-image: url('https:\/\/openlibrary.ecampusontario.ca\/wp-content\/uploads\/sites\/3\/2022\/09\/AR-Banner-1.png')\">\n\t<div class=\"container\" style=\"max-width: 67.5rem\">\n\n\t\t<h1>Les projets de REL sp\u00e9cialis\u00e9s <br>et de ressources auxiliaires<\/h1>\n\t\t<h2>Des supports num\u00e9riques con\u00e7us pour tous les apprenants et <br>\u00e9ducateurs de l'Ontario et les \u00e9ducateurs, aujourd'hui et \u00e0 l'avenir.<\/h2>\n\t\t\n\t<\/div>\n<\/section>\n\n\n\n<div style=\"background-color:#1E1A34\">\n<div class=\"page-content-container\" style=\"padding-top: 3em;padding-bottom: 3em\">\n\n\n\n<p class=\"has-text-align-center section-text m-0 has-white-color has-text-color has-medium-font-size\">Les projets de REL sp\u00e9cialis\u00e9es et de ressources auxiliaires a identifi\u00e9 des lacunes dans quatre domaines cl\u00e9s : les affaires, l'ing\u00e9nierie, les sciences et les m\u00e9tiers sp\u00e9cialis\u00e9s. Ce projet s'inscrit dans la continuit\u00e9 des investissements r\u00e9alis\u00e9s par le minist\u00e8re des coll\u00e8ges et universit\u00e9s de l'Ontario. Les ressources d\u00e9velopp\u00e9es dans le cadre de ce projet permettront aux \u00e9ducateurs et aux apprenants d'acc\u00e9der \u00e0 des ressources \u00e9ducatives en ligne gratuites et de haute qualit\u00e9 qui soutiennent la transformation <\/p>\n\n\n\n<\/div><\/div>\n\n\n\n<div class=\"page-content-container\">\n\n\n\n<h2 class=\"wp-block-heading\">Specialized OER and Ancillary Resource projects:<\/h2>\n\n\n\n<p><p style=\"padding: 2rem 0\">Ouvrez les accord\u00e9ons ci-dessous pour trouver une liste des ressources cr\u00e9\u00e9es dans le cadre de ce projet. <\/p><\/p>\n\n\n\n<h4 class=\"accordion-head wp-block-heading\">SCIENCE<\/h4>\n\n\n\n<div class=\"panel\">\n\n\n\n<p><\/p>\n\n\n\n<ul class=\"wp-block-list\">\n<li><a rel=\"noreferrer noopener\" href=\"https:\/\/openlibrary.ecampusontario.ca\/catalogue\/item\/?id=b9f99697-8254-408e-a3de-fa3dec09874a\" target=\"_blank\" style=\"text-decoration: underline\">BIODIDAC<\/a>&nbsp;(bilingue)<\/li>\n\n\n\n<li><a rel=\"noreferrer noopener\" href=\"https:\/\/openlibrary.ecampusontario.ca\/catalogue\/item\/?id=2e352e4b-9ff9-47ad-be73-45515e04df49\" target=\"_blank\" style=\"text-decoration: underline\">ChatGPT in STEM Teaching: An introduction to using LLM-based tools in Higher Ed<\/a>&nbsp;(En anglais uniquement)<\/li>\n\n\n\n<li><a rel=\"noreferrer noopener\" href=\"https:\/\/openlibrary.ecampusontario.ca\/catalogue\/item\/?id=a54251ea-e6c3-4ef4-8921-ab586d61eb3c\" target=\"_blank\" style=\"text-decoration: underline\">Organic Chemistry and Chemical Biology for the Students by the Students! (and the Profs...)<\/a>&nbsp;(En anglais uniquement)<\/li>\n\n\n\n<li><a rel=\"noreferrer noopener\" href=\"https:\/\/openlibrary.ecampusontario.ca\/catalogue\/item\/?id=3eefd991-48a3-4287-b36c-b127a55d16a8\" target=\"_blank\" style=\"text-decoration: underline\">Outdoor Learning in Canada<\/a>&nbsp;(En anglais uniquement)<\/li>\n\n\n\n<li><a rel=\"noreferrer noopener\" href=\"https:\/\/openlibrary.ecampusontario.ca\/catalogue\/item\/?id=51b30843-fbfb-4915-8cd6-efddbc251bd4\" target=\"_blank\" style=\"text-decoration: underline\">\u00c9tudes de cas de leadership dans le secteur de la sant\u00e9<\/a>\n<ul class=\"wp-block-list\">\n<li>Multi-Course Case Studies in Health Sciences (Version 2) (version en anglais bient\u00f4t disponible)<\/li>\n<\/ul>\n<\/li>\n\n\n\n<li><a rel=\"noreferrer noopener\" href=\"https:\/\/openlibrary.ecampusontario.ca\/catalogue\/item\/?id=4d06bde9-0a04-4eb6-a277-e7e6712661c6\" target=\"_blank\" style=\"text-decoration: underline\">Recherche et statistiques en psychologie, neurosciences et comportement<\/a>\n<ul class=\"wp-block-list\">\n<li>Real Analysis of Data in Psychology, Neuroscience &amp; Behaviour (version en anglais bient\u00f4t disponible)<\/li>\n<\/ul>\n<\/li>\n\n\n\n<li><a rel=\"noreferrer noopener\" style=\"text-decoration: underline\" href=\"https:\/\/openlibrary.ecampusontario.ca\/catalogue\/item\/?id=a3c922e5-3fe9-4a9c-8ead-413bf9defeb4\" target=\"_blank\">Enhanced Introductory College Chemistry - Ancillary Resource<\/a>&nbsp;(En anglais uniquement)<\/li>\n\n\n\n<li><a rel=\"noreferrer noopener\" style=\"text-decoration: underline\" href=\"https:\/\/openlibrary.ecampusontario.ca\/catalogue\/item\/?id=a748103a-b172-4c61-9d68-f84955583a47\" target=\"_blank\">Biological Science 3D Modelling<\/a>&nbsp;(En anglais uniquement)<\/li>\n\n\n\n<li><a rel=\"noreferrer noopener\" style=\"text-decoration: underline\" href=\"https:\/\/openlibrary.ecampusontario.ca\/catalogue\/item\/?id=3664e104-dada-4777-8c7a-716e7cc1ee51\" target=\"_blank\">An Introduction to Medicinal Chemistry &amp; Molecular Recognition<\/a>&nbsp;(En anglais uniquement)<\/li>\n\n\n\n<li><a rel=\"noreferrer noopener\" style=\"text-decoration: underline\" href=\"https:\/\/openlibrary.ecampusontario.ca\/catalogue\/item\/?id=be51752d-f063-4006-9833-6419a4312131\" target=\"_blank\">Pharmaceutical Chemistry of Molecular Therapeutics<\/a>&nbsp;(En anglais uniquement)<\/li>\n\n\n\n<li><a rel=\"noreferrer noopener\" style=\"text-decoration: underline\" href=\"https:\/\/openlibrary.ecampusontario.ca\/catalogue\/item\/?id=4a8ba4a7-0817-4208-a54f-0955e14f1890\" target=\"_blank\">The Matilda Project: An Initiative to Raise Awareness of Inequality and Gender Bias towards Women in Science<\/a>&nbsp;(En anglais uniquement)<\/li>\n\n\n\n<li><a rel=\"noreferrer noopener\" style=\"text-decoration: underline\" href=\"https:\/\/openlibrary.ecampusontario.ca\/catalogue\/item\/?id=a54251ea-e6c3-4ef4-8921-ab586d61eb3c\" target=\"_blank\">Organic Chemistry and Chemical Biology for the Students by the Students! (and the Profs...)<\/a>&nbsp;(En anglais uniquement)<\/li>\n<\/ul>\n\n\n\n<\/div>\n\n\n\n<h4 class=\"accordion-head wp-block-heading\">AFFAIRES<\/h4>\n\n\n\n<div class=\"panel\">\n\n\n\n<p><\/p>\n\n\n\n<ul class=\"wp-block-list\">\n<li><a href=\"https:\/\/openlibrary.ecampusontario.ca\/catalogue\/item\/?id=bfc013c3-6472-483a-b40c-1d94bd7464a1\" target=\"_blank\" rel=\"noreferrer noopener\" style=\"text-decoration: underline\">Mathematics of Finance<\/a> (En anglais uniquement)<\/li>\n\n\n\n<li><a href=\"https:\/\/openlibrary.ecampusontario.ca\/catalogue\/item\/?id=785c621e-a1f4-4366-a085-b6b24b28d56c\" target=\"_blank\" rel=\"noreferrer noopener\" style=\"text-decoration: underline\">Integrating Artificial Intelligence in Business Education<\/a> (En anglais uniquement)<\/li>\n\n\n\n<li><a rel=\"noreferrer noopener\" style=\"text-decoration: underline\" href=\"https:\/\/openlibrary.ecampusontario.ca\/catalogue\/item\/?id=faf97a5c-f902-4f01-80c7-c6bcddf10d6b\" target=\"_blank\">Auditing Information Systems: A Practical Approach<\/a> (En anglais uniquement)<\/li>\n\n\n\n<li><a rel=\"noreferrer noopener\" style=\"text-decoration: underline\" href=\"https:\/\/openlibrary.ecampusontario.ca\/catalogue\/item\/?id=324f0660-471c-4bea-aee0-7c8b7b698d83\" target=\"_blank\">Introduction to Market Research<\/a> (En anglais uniquement)<\/li>\n<\/ul>\n\n\n\n<\/div>\n\n\n\n<h4 class=\"accordion-head wp-block-heading\">ING\u00c9NIERIE<\/h4>\n\n\n\n<div class=\"panel\">\n\n\n\n<ul class=\"wp-block-list\">\n<li><a rel=\"noreferrer noopener\" href=\"https:\/\/openlibrary.ecampusontario.ca\/catalogue\/item\/?id=30f7bb12-e760-4591-82e5-9af9759a4e23\" target=\"_blank\" style=\"text-decoration: underline\">Analyse \u00e9nerg\u00e9tique des b\u00e2timents<\/a>\n<ul class=\"wp-block-list\">\n<li><a rel=\"noreferrer noopener\" style=\"text-decoration: underline\" href=\"https:\/\/openlibrary.ecampusontario.ca\/catalogue\/item\/?id=8f9318dc-95c7-4a79-9b5d-6080d95fc7ae\" target=\"_blank\">Building Energy Analysis<\/a> (version en anglais)<\/li>\n<\/ul>\n<\/li>\n\n\n\n<\/div>\n<\/ul>\n\n\n\n<h4 class=\"accordion-head wp-block-heading\" style=\"text-transform:uppercase\">m\u00e9tiers sp\u00e9cialis\u00e9s<\/h4>\n\n\n\n<div class=\"panel\">\n\n\n\n<ul class=\"wp-block-list\">\n<li><a rel=\"noreferrer noopener\" style=\"text-decoration: underline\" href=\"https:\/\/openlibrary.ecampusontario.ca\/catalogue\/item\/?id=bf69e7e6-8fd0-4960-a13c-13055f0aa25f\" target=\"_blank\">Decolonization of Curriculum in the Trades<\/a> (En anglais uniquement)<\/li>\n\n\n\n<\/div>\n<\/ul>\n\n\n\n<\/div>\n\n\n\n<div style=\"background-color:#ECAB3B\">\n<div class=\"page-content-container\" style=\"padding-top: 3em;padding-bottom: 3em\">\n\n\n\n<p class=\"has-text-align-center has-luminous-vivid-amber-background-color has-background has-medium-font-size\"><h2>Pr\u00eat \u00e0 adopter une ressource ?<\/h2> <p class=\"has-text-align-center section-text m-0 has-black-color has-text-color has-medium-font-size\">Contactez l'Open Library \u00e0 l'adresse <a href=\"mailto:open@ecampusontario.ca\" style=\"text-decoration: underline\">open@ecampusontario.ca<\/a> pour obtenir de l'aide pour votre adoption. Vous avez d\u00e9j\u00e0 adopt\u00e9 une ressource ? <a href=\"https:\/\/openlibrary.ecampusontario.ca\/fr\/signaler-une-adoption\/\" target=\"_blank\" rel=\"noreferrer noopener\" style=\"text-decoration: underline\">Signalez-nous votre adoption<\/a>.<\/p><\/p>\n\n\n\n<\/div><\/div>\n","protected":false},"excerpt":{"rendered":"<p>Les projets de REL sp\u00e9cialis\u00e9s et de ressources auxiliaires Des supports num\u00e9riques con\u00e7us pour tous les apprenants et \u00e9ducateurs de l&rsquo;Ontario et les \u00e9ducateurs, aujourd&rsquo;hui et \u00e0 l&rsquo;avenir. Les projets de REL sp\u00e9cialis\u00e9es et de ressources auxiliaires a identifi\u00e9 des lacunes dans quatre domaines cl\u00e9s : les affaires, l&rsquo;ing\u00e9nierie, les sciences et les m\u00e9tiers sp\u00e9cialis\u00e9s. [&hellip;]<\/p>\n","protected":false},"author":15,"featured_media":910,"parent":0,"menu_order":0,"comment_status":"closed","ping_status":"closed","template":"page-template\/home.php","meta":{"footnotes":""},"class_list":["post-2351","page","type-page","status-publish","has-post-thumbnail","hentry"],"_links":{"self":[{"href":"https:\/\/openlibrary.ecampusontario.ca\/fr\/wp-json\/wp\/v2\/pages\/2351","targetHints":{"allow":["GET"]}}],"collection":[{"href":"https:\/\/openlibrary.ecampusontario.ca\/fr\/wp-json\/wp\/v2\/pages"}],"about":[{"href":"https:\/\/openlibrary.ecampusontario.ca\/fr\/wp-json\/wp\/v2\/types\/page"}],"author":[{"embeddable":true,"href":"https:\/\/openlibrary.ecampusontario.ca\/fr\/wp-json\/wp\/v2\/users\/15"}],"replies":[{"embeddable":true,"href":"https:\/\/openlibrary.ecampusontario.ca\/fr\/wp-json\/wp\/v2\/comments?post=2351"}],"version-history":[{"count":19,"href":"https:\/\/openlibrary.ecampusontario.ca\/fr\/wp-json\/wp\/v2\/pages\/2351\/revisions"}],"predecessor-version":[{"id":2472,"href":"https:\/\/openlibrary.ecampusontario.ca\/fr\/wp-json\/wp\/v2\/pages\/2351\/revisions\/2472"}],"wp:featuredmedia":[{"embeddable":true,"href":"https:\/\/openlibrary.ecampusontario.ca\/fr\/wp-json\/wp\/v2\/media\/910"}],"wp:attachment":[{"href":"https:\/\/openlibrary.ecampusontario.ca\/fr\/wp-json\/wp\/v2\/media?parent=2351"}],"curies":[{"name":"wp","href":"https:\/\/api.w.org\/{rel}","templated":true}]}}