{"id":343,"date":"2022-04-07T14:59:01","date_gmt":"2022-04-07T14:59:01","guid":{"rendered":"https:\/\/rc-oli.ecampusontario.ca\/?page_id=343"},"modified":"2022-04-18T17:58:10","modified_gmt":"2022-04-18T17:58:10","slug":"partagez-ressource-supplementaire","status":"publish","type":"page","link":"https:\/\/openlibrary.ecampusontario.ca\/fr\/partagez-ressource-supplementaire\/","title":{"rendered":"Partagez votre ressource suppl\u00e9mentaire"},"content":{"rendered":"\n<p>DAvez-vous ou connaissez-vous une ressource suppl\u00e9mentaire (\u00e9galement connue sous le nom de ressources auxiliaires ou de mat\u00e9riels suppl\u00e9mentaires) destin\u00e9e \u00e0 \u00eatre utilis\u00e9e avec une ressource \u00e9ducative libre dans la biblioth\u00e8que libre? Faites-nous part de vos ressources suppl\u00e9mentaires (banques de tests, examens types, ensembles de diapositives, guide de l\u2019enseignant\/de l\u2019instructeur, code source, etc.) afin qu\u2019elles soient int\u00e9gr\u00e9es \u00e0 la collection.<\/p>\n\n\n\n<h3 class=\"has-text-align-left wp-block-heading\">Crit\u00e8res<\/h3>\n\n\n\n<ul class=\"wp-block-list\"><li>La ressource est diffus\u00e9e sous une licence ouverte (par exemple, une licence de type <a href=\"https:\/\/creativecommons.org\/about\/cclicenses\/\" target=\"_blank\" rel=\"noreferrer noopener\">licence Creative Commons<\/a>) ou dans le <a href=\"https:\/\/creativecommons.org\/share-your-work\/public-domain\/cc0\/\" target=\"_blank\" rel=\"noreferrer noopener\">domaine public<\/a>; les d\u00e9tails de la licence sont clairement indiqu\u00e9s sur la ressource.<\/li><li>La ressource comprend au moins un fichier modifiable (par exemple, un fichier en format .ppt, .docx, H5P, ou fichier vid\u00e9o brut, etc.).&nbsp;<\/li><li>La ressource r\u00e9pond aux exigences d\u2019accessibilit\u00e9 actuelles de la <em>Loi sur l\u2019accessibilit\u00e9 pour les personnes handicap\u00e9es de l\u2019Ontario<\/em> (<a href=\"https:\/\/www.ontario.ca\/fr\/lois\/reglement\/110191\" target=\"_blank\" rel=\"noreferrer noopener\">LAPHO)<\/a> et aux directives d\u2019accessibilit\u00e9 du contenu Web (<a href=\"https:\/\/www.w3.org\/TR\/WCAG21\/\" target=\"_blank\" rel=\"noreferrer noopener\">WCAG&nbsp;2.1<\/a>).&nbsp;&nbsp;<\/li><\/ul>\n\n\n\n<div style=\"height:63px\" aria-hidden=\"true\" class=\"wp-block-spacer\"><\/div>\n\n\n\n<h4 class=\"has-text-align-center wp-block-heading\">Pr\u00eat \u00e0 soumettre une suggestion?<\/h4>\n\n\n<div class=\"frm_forms  with_frm_style frm_style_formidable-style\" id=\"frm_form_5_container\" data-token=\"ef6212ee4455f35edf6a58d6d1cdd270\">\n<form enctype=\"multipart\/form-data\" method=\"post\" class=\"frm-show-form  frm_pro_form \" id=\"form_resourceupdateform351e082f63b7069f5bf21e6e5a6531\" data-token=\"ef6212ee4455f35edf6a58d6d1cdd270\">\n<div class=\"frm_form_fields \">\n<fieldset>\n<legend class=\"frm_screen_reader\">Supplementary Resource Form<\/legend>\r\n\r\n<div class=\"frm_fields_container\">\n<input type=\"hidden\" name=\"frm_action\" value=\"create\" \/>\n<input type=\"hidden\" name=\"form_id\" value=\"5\" \/>\n<input type=\"hidden\" name=\"frm_hide_fields_5\" id=\"frm_hide_fields_5\" value=\"\" \/>\n<input type=\"hidden\" name=\"form_key\" value=\"resourceupdateform351e082f63b7069f5bf21e6e5a6531\" \/>\n<input type=\"hidden\" name=\"item_meta[0]\" value=\"\" \/>\n<input type=\"hidden\" id=\"frm_submit_entry_5\" name=\"frm_submit_entry_5\" value=\"e62d5b1412\" \/><input type=\"hidden\" name=\"_wp_http_referer\" value=\"\/fr\/wp-json\/wp\/v2\/pages\/343\" \/><div id=\"frm_field_48_container\" class=\"frm_form_field form-field  frm_required_field frm_top_container\">\r\n    <div id=\"field_n6rlc8117a07a2d23efd0ac23349b332e52_label\" class=\"frm_primary_label\">Name\r\n        <span class=\"frm_required\" aria-hidden=\"true\">*<\/span>\r\n    <\/div>\r\n    <fieldset aria-labelledby=\"field_n6rlc8117a07a2d23efd0ac23349b332e52_label\">\n\t<legend class=\"frm_screen_reader frm_hidden\">\n\t\tName\t<\/legend>\n\n\t<div  class=\"frm_combo_inputs_container\" id=\"frm_combo_inputs_container_48\" data-name-layout=\"first_last\">\n\t\t\t\t\t<div\n\t\t\t\tid=\"frm_field_48-first_container\"\n\t\t\t\tclass=\"frm_form_field form-field frm_form_subfield-first  frm6\"\n\t\t\t\tdata-sub-field-name=\"first\"\n\t\t\t>\n\t\t\t\t<label for=\"field_n6rlc8117a07a2d23efd0ac23349b332e52_first\" class=\"frm_screen_reader frm_hidden\">\n\t\t\t\t\tName\t\t\t\t<\/label>\n\n\t\t\t\t<input  type=\"text\" id=\"field_n6rlc8117a07a2d23efd0ac23349b332e52_first\" value=\"\" name=\"item_meta[48][first]\" autocomplete=\"given-name\" placeholder=\"Pr\u00e9nom\" data-reqmsg=\"Name cannot be blank.\" aria-required=\"true\" data-invmsg=\"Name est non valide\" aria-invalid=\"false\"  \/>\t\t\t<\/div>\n\t\t\t\t\t\t<div\n\t\t\t\tid=\"frm_field_48-last_container\"\n\t\t\t\tclass=\"frm_form_field form-field frm_form_subfield-last  frm6\"\n\t\t\t\tdata-sub-field-name=\"last\"\n\t\t\t>\n\t\t\t\t<label for=\"field_n6rlc8117a07a2d23efd0ac23349b332e52_last\" class=\"frm_screen_reader frm_hidden\">\n\t\t\t\t\tName\t\t\t\t<\/label>\n\n\t\t\t\t<input  type=\"text\" id=\"field_n6rlc8117a07a2d23efd0ac23349b332e52_last\" value=\"\" name=\"item_meta[48][last]\" autocomplete=\"family-name\" placeholder=\"Nom\" data-reqmsg=\"Name cannot be blank.\" aria-required=\"true\" data-invmsg=\"Name est non valide\" aria-invalid=\"false\"  \/>\t\t\t<\/div>\n\t\t\t\t<\/div>\n<\/fieldset>\n\r\n    \r\n    \r\n<\/div>\n<div id=\"frm_field_49_container\" class=\"frm_form_field form-field  frm_required_field frm_top_container\">\r\n    <label for=\"field_zaitib46078a410589749ee6b3f73de9ff6\" id=\"field_zaitib46078a410589749ee6b3f73de9ff6_label\" class=\"frm_primary_label\">Courriel de l\u2019\u00e9tablissement\r\n        <span class=\"frm_required\" aria-hidden=\"true\">*<\/span>\r\n    <\/label>\r\n    <input type=\"email\" id=\"field_zaitib46078a410589749ee6b3f73de9ff6\" name=\"item_meta[49]\" value=\"\"  data-reqmsg=\"Courriel de l\u2019\u00e9tablissement cannot be blank.\" aria-required=\"true\" data-invmsg=\"Email is invalid\" aria-invalid=\"false\"  \/>\r\n    \r\n    \r\n<\/div>\n<div id=\"frm_field_61_container\" class=\"frm_form_field form-field  frm_top_container vertical_radio\">\r\n    <div id=\"field_oq5qx_label\" class=\"frm_primary_label\">Avez-vous cr\u00e9\u00e9 cette ressource suppl\u00e9mentaire? \r\n        <span class=\"frm_required\" aria-hidden=\"true\"><\/span>\r\n    <\/div>\r\n    <div class=\"frm_opt_container\" role=\"radiogroup\">\t\t<div class=\"frm_radio\" id=\"frm_radio_61-0\">\t\t\t<label  for=\"field_oq5qx-0\">\n\t\t\t\t\t<input type=\"radio\" name=\"item_meta[61]\" id=\"field_oq5qx-0\" value=\"Yes\"\n\t\t data-invmsg=\"Avez-vous cr\u00e9\u00e9 cette ressource suppl\u00e9mentaire?  est non valide\"   \/> Qui<\/label><\/div>\n\t\t<div class=\"frm_radio\" id=\"frm_radio_61-1\">\t\t\t<label  for=\"field_oq5qx-1\">\n\t\t\t\t\t<input type=\"radio\" name=\"item_meta[61]\" id=\"field_oq5qx-1\" value=\"No\"\n\t\t data-invmsg=\"Avez-vous cr\u00e9\u00e9 cette ressource suppl\u00e9mentaire?  est non valide\"   \/> Non<\/label><\/div>\n<\/div>\r\n    \r\n    \r\n<\/div>\n<div id=\"frm_field_50_container\" class=\"frm_form_field form-field  frm_top_container\">\r\n    <label for=\"field_2l7kr4cf8d63b4968f21906d1\" id=\"field_2l7kr4cf8d63b4968f21906d1_label\" class=\"frm_primary_label\">Titre de la ressource dans la collection\r\n        <span class=\"frm_required\" aria-hidden=\"true\"><\/span>\r\n    <\/label>\r\n    <input  type=\"text\" id=\"field_2l7kr4cf8d63b4968f21906d1\" name=\"item_meta[50]\" value=\"\"  data-invmsg=\"Text is invalid\" aria-invalid=\"false\"   \/>\r\n    \r\n    \r\n<\/div>\n<div id=\"frm_field_63_container\" class=\"frm_form_field form-field  frm_required_field frm_top_container frm_other_container\">\r\n    <label for=\"field_ho0t0\" id=\"field_ho0t0_label\" class=\"frm_primary_label\">Type de ressource(s) suppl\u00e9mentaire(s)\r\n        <span class=\"frm_required\" aria-hidden=\"true\">*<\/span>\r\n    <\/label>\r\n    \t\t<select name=\"item_meta[63][]\" id=\"field_ho0t0\"  multiple=\"multiple\"  data-reqmsg=\"Type de ressource(s) suppl\u00e9mentaire(s) cannot be blank.\" aria-required=\"true\" data-invmsg=\"Type de ressource(s) suppl\u00e9mentaire(s) est non valide\" aria-invalid=\"false\"  >\n\t\t<option  value=\"Case Studies\">\u00c9tudes de cas <\/option><option  value=\"Instructional Guide\">Guide p\u00e9dagogique<\/option><option  value=\"Slide Decks\">Ensemble de diapositives<\/option><option  value=\"Syllabus\">Plan de cours<\/option><option  value=\"Test Banks\">Banques de tests<\/option><option  value=\"Video\">Vid\u00e9o<\/option><option  value=\"Autre\" class=\"frm_other_trigger\">Autre<\/option>\t<\/select>\n\t<label for=\"field_ho0t0-otext\" class=\"frm_screen_reader frm_hidden\">Type de ressource(s) suppl\u00e9mentaire(s)<\/label><input type=\"text\" id=\"field_ho0t0-otext\" class=\"frm_other_input frm_pos_none frm_other_full\"  name=\"item_meta[other][63][other_6]\" value=\"\" \/>\r\n    \r\n    \r\n<\/div>\n<div id=\"frm_field_62_container\" class=\"frm_form_field form-field  frm_required_field frm_top_container frm12 frm_first\">\r\n    <label for=\"field_r0nc8\" id=\"field_r0nc8_label\" class=\"frm_primary_label\">Licence\r\n        <span class=\"frm_required\" aria-hidden=\"true\">*<\/span>\r\n    <\/label>\r\n    \t\t<select name=\"item_meta[62]\" id=\"field_r0nc8\"  data-reqmsg=\"Ce champ ne peut pas \u00eatre vide.\" aria-required=\"true\" data-invmsg=\"Licence est non valide\" aria-invalid=\"false\"  >\n\t\t<option  value=\"Creative Commons Attribution (CC-BY)\">Creative Commons Attribution (CC-BY)<\/option><option  value=\"Creative Commons Attribution-Share-Alike (CC BY-SA)\">Creative Commons Attribution \u2013 Partage dans les m\u00eames conditions (CC BY-SA) <\/option><option  value=\"Creative Commons Attribution-Non-Commercial (CC BY-NC)\">Creative Commons Attribution \u2013 Pas d\u2019utilisation commerciale (CC BY-NC)<\/option><option  value=\"Creative Commons Attribution-NonCommercial-ShareAlike (CC BY-NC-SA)\">Creative Commons Attribution \u2013 Pas d\u2019utilisation commerciale\/Partage dans les m\u00eames conditions (CC BY-NC-SA)<\/option><option  value=\"Creative Commons Attribution-No-Derivatives (CC BY-ND)\">Creative Commons Attribution \u2013 Sans \u0153uvre d\u00e9riv\u00e9e (CC BY-ND)<\/option><option  value=\"Creative Commons Attribution-NonCommercial-NoDerivatives (CC BY-NC-ND)\">Creative Commons Attribution \u2013 Sans \u0153uvre d\u00e9riv\u00e9e (CC BY-ND)<\/option><option  value=\"Creative Commons Public Domain Dedication (CC0)\">Creative Commons \u2013 Transfert dans le domaine public (CC0)<\/option><option  value=\"Public Domain Mark\">Public Domain Mark<\/option><option  value=\"Other\">Other<\/option>\t<\/select>\n\t\r\n    <div class=\"frm_description\" id=\"frm_desc_field_r0nc8\">La licence doit \u00eatre clairement indiqu\u00e9e sur la ou les ressources suppl\u00e9mentaires\/auxiliaires.<\/div>\r\n    \r\n<\/div>\n<div id=\"frm_field_55_container\" class=\"frm_form_field frm_section_heading form-field  frm12 frm_first\">\r\n<h3 class=\"frm_pos_top frm_section_spacing\">T\u00e9l\u00e9versez les fichiers<\/h3>\r\n\r\n\r\n<div id=\"frm_field_56_container\" class=\"frm_form_field form-field  frm_top_container frm6 frm_first\">\r\n    <label for=\"field_x3p2xa7268eee60ee7b519fc4588763c712\" id=\"field_x3p2xa7268eee60ee7b519fc4588763c712_label\" class=\"frm_primary_label\">Site Web\/URL de la ou des ressources\r\n        <span class=\"frm_required\" aria-hidden=\"true\"><\/span>\r\n    <\/label>\r\n    <input type=\"url\" id=\"field_x3p2xa7268eee60ee7b519fc4588763c712\" name=\"item_meta[56]\" value=\"\"  data-sectionid=\"55\"  data-invmsg=\"Format de site Web\/URL non valide\" aria-invalid=\"false\"  \/>\r\n    \r\n    \r\n<\/div>\n<div id=\"frm_field_57_container\" class=\"frm_form_field form-field  frm_top_container frm6\">\r\n    <label for=\"field_k31nfd9466c30e7e034350fee0158cc5fab\" id=\"field_k31nfd9466c30e7e034350fee0158cc5fab_label\" class=\"frm_primary_label\">Site Web\/URL pour le stockage en nuage\r\n        <span class=\"frm_required\" aria-hidden=\"true\"><\/span>\r\n    <\/label>\r\n    <input type=\"url\" id=\"field_k31nfd9466c30e7e034350fee0158cc5fab\" name=\"item_meta[57]\" value=\"\"  data-sectionid=\"55\"  data-invmsg=\"Format de site Web\/URL non valide\" aria-invalid=\"false\"  \/>\r\n    \r\n    \r\n<\/div>\n<\/div>\n<div id=\"frm_field_59_container\" class=\"frm_form_field form-field  frm_top_container frm12 frm_first\">\r\n    <label for=\"field_mipjrc9b762f8cb56802104fb87daeb310c\" id=\"field_mipjrc9b762f8cb56802104fb87daeb310c_label\" class=\"frm_primary_label\">\r\n        <span class=\"frm_required\" aria-hidden=\"true\"><\/span>\r\n    <\/label>\r\n    <input type=\"hidden\"  data-invmsg=\"Le t\u00e9l\u00e9chargement du fichier non valide\" class=\"auto_width\" aria-invalid=\"false\"   name=\"item_meta[59][]\"  value=\"\" data-frmfile=\"59\" \/>\n\n<div class=\"frm_dropzone frm_multi_upload frm_clearfix\" id=\"file59_dropzone\" role=\"group\" >\n\t<div class=\"fallback\">\n\t\t<input type=\"file\" name=\"file59[]\" id=\"field_mipjrc9b762f8cb56802104fb87daeb310c\"\n\t\t\t data-frmfile=\"59\" multiple=\"multiple\"  data-invmsg=\"Le t\u00e9l\u00e9chargement du fichier non valide\" class=\"auto_width\" aria-invalid=\"false\"  \t\t\t\/>\n\t\t\t\t<div class=\"frm_clearfix \"><\/div>\n\t<\/div>\n\t<div class=\"dz-message needsclick\">\n\t\t\t\t<svg  viewBox=\"0 0 18 18\" class=\"frmsvg frm-svg-icon\">\n\t<path viewBox=\"0 0 18 18\" fill-rule=\"evenodd\" clip-rule=\"evenodd\" d=\"M8.2 4v8a.8.8 0 001.5 0V4l2.1 2.2A.7.7 0 1013 5L9.5 1.7a.7.7 0 00-1.1 0L5.1 5.2a.8.8 0 001 1l2.1-2zm7.6 4.3c.4 0 .7.3.7.7v6.8c0 .4-.3.7-.8.7H2.3a.8.8 0 01-.8-.8V9A.8.8 0 013 9v6h12V9c0-.4.3-.8.8-.8z\"><\/path>\n<\/svg>\t\t<span class=\"frm_upload_text\"><button type=\"button\" aria-label=\". D\u00c9POSER UN FICHIER ICI OU S\u00c9LECTIONNER POUR T\u00c9L\u00c9VERSER. Taille de fichier maximale\u00a0: 2048MB\">D\u00c9POSER UN FICHIER ICI OU S\u00c9LECTIONNER POUR T\u00c9L\u00c9VERSER<\/button><\/span>\n\t\t<span class=\"frm_compact_text\"><button type=\"button\" aria-label=\". Choisir le fichier. Taille de fichier maximale\u00a0: 2048MB\">Choisir le fichier<\/button><\/span>\n\t\t<div class=\"frm_small_text\">\n\t\t\t<p>Taille de fichier maximale\u00a0: 2048MB<\/p>\n\t\t<\/div>\n\t<\/div>\n<\/div>\n\t\r\n    \r\n    \r\n<\/div>\n<div id=\"frm_field_60_container\" class=\"frm_form_field form-field  frm_none_container\">\r\n    <label for=\"g-recaptcha-response\" id=\"field_syucod1b0eb3b949dd8208cb0_label\" class=\"frm_primary_label\">reCAPTCHA\r\n        <span class=\"frm_required\" aria-hidden=\"true\"><\/span>\r\n    <\/label>\r\n    <div  id=\"field_syucod1b0eb3b949dd8208cb0\" class=\"frm-g-recaptcha\" data-sitekey=\"6Lfe6M0UAAAAAI3FtuDdBsha0BD98QrieluYWekm\" data-size=\"normal\" data-theme=\"light\"><\/div>\r\n    \r\n    \r\n<\/div>\n\t<input type=\"hidden\" name=\"item_key\" value=\"\" \/>\n\t\t\t<div id=\"frm_field_175_container\">\n\t\t\t<label for=\"field_akwyo\" >\n\t\t\t\tSi vous \u00eates un humain, ne remplissez pas ce champ.\t\t\t<\/label>\n\t\t\t<input  id=\"field_akwyo\" type=\"text\" class=\"frm_form_field form-field frm_verify\" name=\"item_meta[175]\" value=\"\"  \/>\n\t\t<\/div>\n\t\t<input name=\"frm_state\" type=\"hidden\" value=\"EiPJJ0wD5iCA+TLgJXpnRv1YpvSC4scigJM5oiXglKihddkh27K4E\/oLEkZUuUym\" \/><div class=\"frm_submit\">\r\n\r\n<button class=\"frm_button_submit frm_final_submit\" type=\"submit\"  formnovalidate=\"formnovalidate\">Soumettre<\/button>\r\n\r\n<\/div><\/div>\n<\/fieldset>\n<\/div>\n\n<\/form>\n<\/div>\n\n\n\n\n<p><\/p>\n","protected":false},"excerpt":{"rendered":"<p>DAvez-vous ou connaissez-vous une ressource suppl\u00e9mentaire (\u00e9galement connue sous le nom de ressources auxiliaires ou de mat\u00e9riels suppl\u00e9mentaires) destin\u00e9e \u00e0 \u00eatre utilis\u00e9e avec une ressource \u00e9ducative libre dans la biblioth\u00e8que libre? Faites-nous part de vos ressources suppl\u00e9mentaires (banques de tests, examens types, ensembles de diapositives, guide de l\u2019enseignant\/de l\u2019instructeur, code source, etc.) afin qu\u2019elles soient [&hellip;]<\/p>\n","protected":false},"author":13,"featured_media":0,"parent":0,"menu_order":0,"comment_status":"closed","ping_status":"closed","template":"","meta":{"footnotes":""},"class_list":["post-343","page","type-page","status-publish","hentry"],"_links":{"self":[{"href":"https:\/\/openlibrary.ecampusontario.ca\/fr\/wp-json\/wp\/v2\/pages\/343","targetHints":{"allow":["GET"]}}],"collection":[{"href":"https:\/\/openlibrary.ecampusontario.ca\/fr\/wp-json\/wp\/v2\/pages"}],"about":[{"href":"https:\/\/openlibrary.ecampusontario.ca\/fr\/wp-json\/wp\/v2\/types\/page"}],"author":[{"embeddable":true,"href":"https:\/\/openlibrary.ecampusontario.ca\/fr\/wp-json\/wp\/v2\/users\/13"}],"replies":[{"embeddable":true,"href":"https:\/\/openlibrary.ecampusontario.ca\/fr\/wp-json\/wp\/v2\/comments?post=343"}],"version-history":[{"count":3,"href":"https:\/\/openlibrary.ecampusontario.ca\/fr\/wp-json\/wp\/v2\/pages\/343\/revisions"}],"predecessor-version":[{"id":396,"href":"https:\/\/openlibrary.ecampusontario.ca\/fr\/wp-json\/wp\/v2\/pages\/343\/revisions\/396"}],"wp:attachment":[{"href":"https:\/\/openlibrary.ecampusontario.ca\/fr\/wp-json\/wp\/v2\/media?parent=343"}],"curies":[{"name":"wp","href":"https:\/\/api.w.org\/{rel}","templated":true}]}}