{"id":369,"date":"2022-04-08T14:59:27","date_gmt":"2022-04-08T14:59:27","guid":{"rendered":"https:\/\/rc-oli.ecampusontario.ca\/?page_id=369"},"modified":"2022-05-02T15:07:04","modified_gmt":"2022-05-02T19:07:04","slug":"integration-de-widgets","status":"publish","type":"page","link":"https:\/\/openlibrary.ecampusontario.ca\/fr\/integration-de-widgets\/","title":{"rendered":"Int\u00e9gration de widgets de la biblioth\u00e8que libre"},"content":{"rendered":"\n<p>Utilisez les widgets int\u00e9gr\u00e9s \u00e0 la biblioth\u00e8que libre pour mettre en vedette des ressources pr\u00e9cises et accro\u00eetre la mobilisation pour vos besoins d\u2019enseignement et d\u2019apprentissage. Cela vous permet d\u2019int\u00e9grer la barre de recherche, les r\u00e9sultats de la recherche, la page de d\u00e9tails de l\u2019article et la calculatrice d\u2019\u00e9conomies REL de la biblioth\u00e8que libre dans les pages Web o\u00f9 la balise iframe est prise en charge.&nbsp;<\/p>\n\n\n\n<h2 class=\"wp-block-heading\">Comment int\u00e9grer les r\u00e9sultats de recherche et la barre de recherche de la biblioth\u00e8que libre?<\/h2>\n\n\n\n<ol class=\"wp-block-list\"><li>Cliquez sur le bouton <strong>Int\u00e9grer <\/strong>\u00e0 la page des r\u00e9sultats de la recherche pour ouvrir le panneau d\u2019int\u00e9gration.&nbsp;<\/li><\/ol>\n\n\n\n<figure class=\"wp-block-image size-full\"><img loading=\"lazy\" decoding=\"async\" width=\"176\" height=\"82\" src=\"https:\/\/openlibrary.ecampusontario.ca\/wp-content\/uploads\/sites\/3\/2022\/04\/Screen-Shot-2022-04-21-at-3.05.34-PM.png\" alt=\"capture d\u2019\u00e9cran du bouton d\u2019int\u00e9gration sur fond jaune.\" class=\"wp-image-681\"\/><\/figure>\n\n\n\n<ol class=\"wp-block-list\" start=\"2\"><li>S\u00e9lectionnez le widget que vous souhaitez int\u00e9grer pour g\u00e9n\u00e9rer le code HTML.<\/li><li>Cliquez sur <strong>Copier dans le presse-papiers<\/strong> pour copier le code HTML de la bo\u00eete.&nbsp;&nbsp;<\/li><\/ol>\n\n\n\n<figure class=\"wp-block-image size-full\"><img loading=\"lazy\" decoding=\"async\" width=\"320\" height=\"71\" src=\"https:\/\/openlibrary.ecampusontario.ca\/wp-content\/uploads\/sites\/3\/2022\/05\/Screen-Shot-2022-05-02-at-3.02.21-PM.png\" alt=\"capture d\u2019\u00e9cran du bouton \u00ab Copier dans le presse-papiers \u00bb sur fond jaune.\" class=\"wp-image-747\" srcset=\"https:\/\/openlibrary.ecampusontario.ca\/wp-content\/uploads\/sites\/3\/2022\/05\/Screen-Shot-2022-05-02-at-3.02.21-PM.png 320w, https:\/\/openlibrary.ecampusontario.ca\/wp-content\/uploads\/sites\/3\/2022\/05\/Screen-Shot-2022-05-02-at-3.02.21-PM-300x67.png 300w\" sizes=\"auto, (max-width: 320px) 100vw, 320px\" \/><\/figure>\n\n\n\n<ol class=\"wp-block-list\" start=\"4\"><li>Collez le code \u00e0 la page HTML de votre site Web.&nbsp;&nbsp;<\/li><\/ol>\n\n\n\n<div style=\"height:56px\" aria-hidden=\"true\" class=\"wp-block-spacer\"><\/div>\n\n\n\n<h3 class=\"wp-block-heading\">Comment int\u00e9grer une ressource particuli\u00e8re<\/h3>\n\n\n\n<ol class=\"wp-block-list\"><li>\u00c0 la page de d\u00e9tail de l\u2019article, cliquez sur le bouton <strong>Int\u00e9grer ceci <\/strong>pour ouvrir le panneau d\u2019int\u00e9gration.<\/li><\/ol>\n\n\n\n<figure class=\"wp-block-image size-full\"><img loading=\"lazy\" decoding=\"async\" width=\"196\" height=\"85\" src=\"https:\/\/openlibrary.ecampusontario.ca\/wp-content\/uploads\/sites\/3\/2022\/04\/Screen-Shot-2022-04-21-at-3.07.07-PM.png\" alt=\"capture d\u2019\u00e9cran du bouton d\u2019int\u00e9gration.\" class=\"wp-image-684\"\/><\/figure>\n\n\n\n<ol class=\"wp-block-list\" start=\"2\"><li>Cliquez sur <strong>Copier dans le presse-papiers<\/strong> pour copier le code HTML de la bo\u00eete.&nbsp;&nbsp;<\/li><li>Collez le code \u00e0 la page HTML de votre site Web.&nbsp;<\/li><\/ol>\n\n\n\n<div style=\"height:54px\" aria-hidden=\"true\" class=\"wp-block-spacer\"><\/div>\n\n\n\n<h3 class=\"wp-block-heading\">Comment incorporer la calculatrice d\u2019\u00e9conomies REL<\/h3>\n\n\n\n<ol class=\"wp-block-list\"><li>\u00c0 la page Impact, cliquez sur le bouton <strong>Int\u00e9grer <\/strong>pour ouvrir la bo\u00eete de code.<\/li><li>Copiez le code HTML de la bo\u00eete.&nbsp;&nbsp;<\/li><\/ol>\n\n\n\n<figure class=\"wp-block-image size-full\"><img loading=\"lazy\" decoding=\"async\" width=\"481\" height=\"152\" src=\"https:\/\/openlibrary.ecampusontario.ca\/wp-content\/uploads\/sites\/3\/2022\/04\/image-FR-3.png\" alt=\"capture d\u2019\u00e9cran du code HTML du bouton soulign\u00e9 de la calculatrice d\u2019\u00e9conomies REL.\" class=\"wp-image-650\" srcset=\"https:\/\/openlibrary.ecampusontario.ca\/wp-content\/uploads\/sites\/3\/2022\/04\/image-FR-3.png 481w, https:\/\/openlibrary.ecampusontario.ca\/wp-content\/uploads\/sites\/3\/2022\/04\/image-FR-3-300x95.png 300w\" sizes=\"auto, (max-width: 481px) 100vw, 481px\" \/><\/figure>\n\n\n\n<ol class=\"wp-block-list\" start=\"3\"><li>Collez le code \u00e0 la page HTML de votre site Web&nbsp;<\/li><\/ol>\n\n\n\n<div style=\"height:39px\" aria-hidden=\"true\" class=\"wp-block-spacer\"><\/div>\n","protected":false},"excerpt":{"rendered":"<p>Utilisez les widgets int\u00e9gr\u00e9s \u00e0 la biblioth\u00e8que libre pour mettre en vedette des ressources pr\u00e9cises et accro\u00eetre la mobilisation pour vos besoins d\u2019enseignement et d\u2019apprentissage. Cela vous permet d\u2019int\u00e9grer la barre de recherche, les r\u00e9sultats de la recherche, la page de d\u00e9tails de l\u2019article et la calculatrice d\u2019\u00e9conomies REL de la biblioth\u00e8que libre dans les [&hellip;]<\/p>\n","protected":false},"author":13,"featured_media":0,"parent":0,"menu_order":0,"comment_status":"closed","ping_status":"closed","template":"","meta":{"footnotes":""},"class_list":["post-369","page","type-page","status-publish","hentry"],"_links":{"self":[{"href":"https:\/\/openlibrary.ecampusontario.ca\/fr\/wp-json\/wp\/v2\/pages\/369","targetHints":{"allow":["GET"]}}],"collection":[{"href":"https:\/\/openlibrary.ecampusontario.ca\/fr\/wp-json\/wp\/v2\/pages"}],"about":[{"href":"https:\/\/openlibrary.ecampusontario.ca\/fr\/wp-json\/wp\/v2\/types\/page"}],"author":[{"embeddable":true,"href":"https:\/\/openlibrary.ecampusontario.ca\/fr\/wp-json\/wp\/v2\/users\/13"}],"replies":[{"embeddable":true,"href":"https:\/\/openlibrary.ecampusontario.ca\/fr\/wp-json\/wp\/v2\/comments?post=369"}],"version-history":[{"count":22,"href":"https:\/\/openlibrary.ecampusontario.ca\/fr\/wp-json\/wp\/v2\/pages\/369\/revisions"}],"predecessor-version":[{"id":750,"href":"https:\/\/openlibrary.ecampusontario.ca\/fr\/wp-json\/wp\/v2\/pages\/369\/revisions\/750"}],"wp:attachment":[{"href":"https:\/\/openlibrary.ecampusontario.ca\/fr\/wp-json\/wp\/v2\/media?parent=369"}],"curies":[{"name":"wp","href":"https:\/\/api.w.org\/{rel}","templated":true}]}}