{"id":46,"date":"2021-12-16T12:20:50","date_gmt":"2021-12-16T17:20:50","guid":{"rendered":"https:\/\/rc-oli.ecampusontario.ca\/soumettre-un-article\/"},"modified":"2026-04-28T18:33:19","modified_gmt":"2026-04-28T22:33:19","slug":"soumettre-une-rel","status":"publish","type":"page","link":"https:\/\/openlibrary.ecampusontario.ca\/fr\/soumettre-une-rel\/","title":{"rendered":"Soumettre une REL"},"content":{"rendered":"\n<p>Avez-vous cr\u00e9\u00e9 ou adapt\u00e9 une ressource \u00e9ducative libre (REL)? Pensez-vous qu&rsquo;elle puisse b\u00e9n\u00e9ficier \u00e0 vos pairs ou aux personnes apprenantes? Si oui, soumettez-la \u00e0 la Biblioth\u00e8que libre.&nbsp;Veuillez utiliser le formulaire <a href=\"https:\/\/openlibrary.ecampusontario.ca\/fr\/soumettre-les-fichiers-mis-a-jour\/\" data-type=\"URL\" data-id=\"https:\/\/openlibrary.ecampusontario.ca\/fr\/soumettre-les-fichiers-mis-a-jour\/\"><strong>Soumettre des fichiers mis \u00e0 jour<\/strong><\/a> pour signaler les mises \u00e0 jour ou les ajouts \u00e0 votre REL.<\/p>\n\n\n\n<p>La Biblioth\u00e8que libre accepte les manuels de cours sous licence ouverte, originaux ou adapt\u00e9s et d\u2019autres ressources libres pouvant \u00eatre utilis\u00e9es dans les \u00e9tablissements postsecondaires de l\u2019Ontario. Les soumissions retenues s\u2019ajouteront \u00e0 une vaste collection de plus de 1 900 ressources \u00e9ducatives gratuites et sous licence ouverte, comprenant des manuels de cours, des modules ou cours en ligne, des activit\u00e9s interactives et d\u2019autres mat\u00e9riels d\u2019apprentissage. &nbsp;<\/p>\n\n\n\n<p>Afin de maintenir la qualit\u00e9 et la pertinence de notre collection, nous examinons toutes les soumissions et recommandations.&nbsp;<\/p>\n\n\n\n<p>Avant de soumettre votre REL, veuillez lire nos crit\u00e8res de s\u00e9lection pour qu&rsquo;elle fasse partie de notre collection. Consultez au pr\u00e9alable le <a href=\"https:\/\/openlibrary.ecampusontario.ca\/wp-content\/uploads\/sites\/3\/2022\/04\/OERSubmissionGuide_Final_FR.pdf\"><strong>Guide de soumission \u00e0 la Biblioth\u00e8que libre<\/strong><\/a> pour obtenir des instructions d\u00e9taill\u00e9es et pr\u00e9parer votre contenu en fonction. &nbsp;<\/p>\n\n\n\n<p><em>Vous voulez contribuer \u00e0 la Biblioth\u00e8que libre mais vous ne savez pas par o\u00f9 commencer? Apprenez \u00e0 <a href=\"https:\/\/openlibrary.ecampusontario.ca\/fr\/creer\/\"><strong>cr\u00e9er une REL<\/strong><\/a> ou \u00e0 <\/em><a href=\"https:\/\/openlibrary.ecampusontario.ca\/fr\/adapter\/\"><strong><em>remixer ou adapter une REL existante<\/em><\/strong><\/a><em>.&nbsp;<\/em><\/p>\n\n\n\n<h1 class=\"wp-block-heading has-text-align-center\" id=\"criteres\">Crit\u00e8res&nbsp;d&rsquo;\u00e9valuation<\/h1>\n\n\n\n<div style=\"height:23px\" aria-hidden=\"true\" class=\"wp-block-spacer\"><\/div>\n\n\n\n<h2 class=\"wp-block-heading has-medium-font-size\">Exigences&nbsp;<\/h2>\n\n\n\n<ul class=\"wp-block-list\">\n<li>La ressource est publi\u00e9e sous licence ouverte (p. ex. une licence de Creative Commons) ou appartient au domaine public.&nbsp;<\/li>\n\n\n\n<li>Tout son contenu (texte, images, m\u00e9dia, etc.) est libre de droits ou utilis\u00e9 avec les autorisations\/permissions n\u00e9cessaires pour \u00eatre inclus dans une \u0153uvre sous licence ouverte.<\/li>\n\n\n\n<li>La ressource comprend au moins un fichier modifiable, (p. ex. Pressbooks XML, .docx, fichier H5P, fichier source video).&nbsp;<\/li>\n<\/ul>\n\n\n\n<h2 class=\"wp-block-heading has-medium-font-size\">Recommandations&nbsp;<\/h2>\n\n\n\n<ul class=\"wp-block-list\">\n<li>La ressource r\u00e9pond aux exigences d\u2019accessibilit\u00e9 actuelles de la Loi sur l\u2019accessibilit\u00e9 pour les personnes handicap\u00e9es de l\u2019Ontario (<a href=\"https:\/\/www.ontario.ca\/fr\/lois\/loi\/05a11\" target=\"_blank\" rel=\"noopener noreferrer\"><strong>LAPHO<\/strong><\/a>) et aux directives d\u2019accessibilit\u00e9 du contenu Web (WCAG 2.1).\u202f<\/li>\n\n\n\n<li>Elle comprend une d\u00e9claration d\u2019accessibilit\u00e9. Veuillez consulter le <a href=\"https:\/\/openlibrary.ecampusontario.ca\/wp-content\/uploads\/sites\/3\/2022\/04\/OERSubmissionGuide_Final_FR.pdf\"><strong>Guide de soumission \u00e0 la Biblioth\u00e8que libre<\/strong><\/a>&nbsp;afin de voir des exemples.&nbsp;&nbsp;<\/li>\n\n\n\n<li>Elle est disponible dans au moins deux types de fichiers diff\u00e9rents (p. ex. HTML et PDF).&nbsp;<\/li>\n\n\n\n<li>Son contenu int\u00e8gre le contexte canadien et des exemples.&nbsp;<\/li>\n\n\n\n<li>Elle comprend des objets d\u2019apprentissage interactifs ou des vid\u00e9os.&nbsp;<\/li>\n\n\n\n<li>Des fichiers modifiables sont disponibles pour tous les objets, p. ex., fichiers vid\u00e9o bruts, fichiers H5P, fichiers source HTML.&nbsp;<\/li>\n\n\n\n<li>Elle comprend des ressources suppl\u00e9mentaires ou compl\u00e9mentaires telles que des banques de tests, des vid\u00e9os, des guides pour le personnel enseignant ou des diapositives de pr\u00e9sentation.&nbsp;<\/li>\n\n\n\n<li>Le cas \u00e9ch\u00e9ant, elle est propos\u00e9e dans un format permettant de configurer une option d&rsquo;impression \u00e0 la demande.<\/li>\n\n\n\n<li>La ressource comporte une image de couverture.&nbsp;<\/li>\n<\/ul>\n\n\n\n<p>Nous acceptons \u00e9galement des <strong><a href=\"https:\/\/openlibrary.ecampusontario.ca\/fr\/suggestion-pour-la-collection\/\">recommandations de REL<\/a><\/strong>!&nbsp;<\/p>\n\n\n\n<p><\/p>\n\n\n\n<hr class=\"wp-block-separator has-alpha-channel-opacity\" \/>\n\n\n\n<div style=\"height:52px\" aria-hidden=\"true\" class=\"wp-block-spacer\"><\/div>\n\n\n\n<h1 class=\"wp-block-heading has-text-align-center\">Votre REL est pr\u00eate?&nbsp;Soumettez-la<\/h1>\n\n\n\n<div style=\"height:21px\" aria-hidden=\"true\" class=\"wp-block-spacer\"><\/div>\n\n\n\n<p>Veuillez renseigner tous les champs requis et fournir autant d&rsquo;informations que possible. Un ast\u00e9risque (*) signifie que le champ <strong>doit<\/strong> \u00eatre rempli. En renseignant les champs facultatifs, vous facilitez la description de votre ressource et permettez aux autres de la trouver plus facilement. Si un champ ne s\u2019applique pas \u00e0 votre ressource, laissez-le vide dans le formulaire.&nbsp;<\/p>\n\n\n\n<p>\u202fVous avez besoin d\u2019aide pour remplir ce formulaire? Consultez le <strong><a href=\"https:\/\/openlibrary.ecampusontario.ca\/wp-content\/uploads\/sites\/3\/2022\/04\/OERSubmissionGuide_Final_FR.pdf\">Guide de soumission \u00e0 la Biblioth\u00e8que libre<\/a><\/strong>, vous y trouverez toute l&rsquo;information n\u00e9cesssaire!\u00a0<\/p>\n\n\n<base href=''><link href=\"https:\/\/fonts.googleapis.com\/icon?family=Material+Icons\" rel=\"stylesheet\"><link rel='stylesheet' href='https:\/\/openlibrary.ecampusontario.ca\/wp-content\/plugins\/open-library\/open-library-ng\/dspace-dist\/fr\/styles.css'><app-root><\/app-root><app-redirect><\/app-redirect><script>window.lang = 'fr'<\/script><script>window.blockType = 'dspace'<\/script><script>window.settingsData = {\"communities\":[{\"label\":\"CVLP Collection\",\"value\":\"c0c80261-7c6d-4e20-bac7-38c74c0f6f63\",\"checked\":false},{\"label\":\"Library Submissions\",\"value\":\"8aed6635-e5f8-42a6-a527-fc7424072033\",\"checked\":true},{\"label\":\"Ontario OER Collection\",\"value\":\"c27cb7d7-171b-4275-8887-ddbae875df11\",\"checked\":false},{\"label\":\"Special Submissions\",\"value\":\"3ef28f77-5a0b-44fa-938e-794b88872860\",\"checked\":false},{\"label\":\"VLS Collection\",\"value\":\"68ad7bfa-b783-4c87-a372-4e29d83601e6\",\"checked\":false},{\"label\":\"Camerise Collection\",\"value\":\"27777893-39bd-4151-bf4a-bb7a98f13ba7\",\"checked\":true}],\"notification_emails\":\"oer.deposit@ecampusontario.ca\",\"user_confirmation\":true,\"success_message\":\"<p><span style=\\\"font-size: 14px;font-family: Calibri, Calibri_EmbeddedFont, Calibri_MSFontService, sans-serif\\\">Merci d\\u2019avoir sugg\\u00e9r\\u00e9 un article pour la collection de la biblioth\\u00e8que libre. Un membre de l\\u2019\\u00e9quipe de la biblioth\\u00e8que libre d\\u2019<\\\/span><span style=\\\"color: var(--clrSquiggleHighlightTextColor,#000000);background-color: var(--clrSpellingErrorHighlightBg,#ffe5e5);font-size: 14px;font-family: Calibri, Calibri_EmbeddedFont, Calibri_MSFontService, sans-serif\\\">eCampusOntario<\\\/span><span style=\\\"font-size: 14px;font-family: Calibri, Calibri_EmbeddedFont, Calibri_MSFontService, sans-serif\\\"> examinera votre soumission et vous contactera lorsqu\\u2019une d\\u00e9cision sera prise ou dans le cas o\\u00f9 des informations suppl\\u00e9mentaires seraient n\\u00e9cessaires.<\\\/span><\\\/p>\\n\",\"email_subject\":\"Collection de la Biblioth\\u00e8que Libre\",\"email_body\":\"<p>Merci d\\u2019avoir sugg\\u00e9r\\u00e9 un article pour la collection de la biblioth\\u00e8que libre. Un membre de l\\u2019\\u00e9quipe de la biblioth\\u00e8que libre d\\u2019eCampusOntario examinera votre soumission et vous contactera lorsqu\\u2019une d\\u00e9cision sera prise ou dans le cas o\\u00f9 des informations suppl\\u00e9mentaires seraient n\\u00e9cessaires.<\\\/p>\\n<p>Veuillez pr\\u00e9voir un d\\u00e9lai de 3 \\u00e0 6 semaines pour le traitement de votre soumission. Si vous souhaitez apporter des modifications \\u00e0 votre soumission avant de recevoir votre courriel de confirmation, veuillez r\\u00e9pondre \\u00e0 ce courriel ou utiliser votre identifiant de confirmation comme r\\u00e9f\\u00e9rence.<\\\/p>\\n<p>Merci,<\\\/p>\\n<p>eCampusOntario Biblioth\\u00e8que Libre<\\\/p>\\n\"}<\/script><script>window.itemDetailsData = []<\/script><script src='https:\/\/openlibrary.ecampusontario.ca\/wp-content\/plugins\/open-library\/open-library-ng\/dspace-dist\/fr\/runtime.js'><\/script><script src='https:\/\/openlibrary.ecampusontario.ca\/wp-content\/plugins\/open-library\/open-library-ng\/dspace-dist\/fr\/polyfills.js'><\/script><script src='https:\/\/openlibrary.ecampusontario.ca\/wp-content\/plugins\/open-library\/open-library-ng\/dspace-dist\/fr\/main.js'><\/script>\n\n\n<p><\/p>\n","protected":false},"excerpt":{"rendered":"<p>Avez-vous cr\u00e9\u00e9 ou adapt\u00e9 une ressource \u00e9ducative libre (REL)? Pensez-vous qu&rsquo;elle puisse b\u00e9n\u00e9ficier \u00e0 vos pairs ou aux personnes apprenantes? Si oui, soumettez-la \u00e0 la Biblioth\u00e8que libre.&nbsp;Veuillez utiliser le formulaire Soumettre des fichiers mis \u00e0 jour pour signaler les mises \u00e0 jour ou les ajouts \u00e0 votre REL. La Biblioth\u00e8que libre accepte les manuels de [&hellip;]<\/p>\n","protected":false},"author":2,"featured_media":0,"parent":0,"menu_order":0,"comment_status":"closed","ping_status":"closed","template":"","meta":{"footnotes":""},"class_list":["post-46","page","type-page","status-publish","hentry"],"_links":{"self":[{"href":"https:\/\/openlibrary.ecampusontario.ca\/fr\/wp-json\/wp\/v2\/pages\/46","targetHints":{"allow":["GET"]}}],"collection":[{"href":"https:\/\/openlibrary.ecampusontario.ca\/fr\/wp-json\/wp\/v2\/pages"}],"about":[{"href":"https:\/\/openlibrary.ecampusontario.ca\/fr\/wp-json\/wp\/v2\/types\/page"}],"author":[{"embeddable":true,"href":"https:\/\/openlibrary.ecampusontario.ca\/fr\/wp-json\/wp\/v2\/users\/2"}],"replies":[{"embeddable":true,"href":"https:\/\/openlibrary.ecampusontario.ca\/fr\/wp-json\/wp\/v2\/comments?post=46"}],"version-history":[{"count":52,"href":"https:\/\/openlibrary.ecampusontario.ca\/fr\/wp-json\/wp\/v2\/pages\/46\/revisions"}],"predecessor-version":[{"id":47061,"href":"https:\/\/openlibrary.ecampusontario.ca\/fr\/wp-json\/wp\/v2\/pages\/46\/revisions\/47061"}],"wp:attachment":[{"href":"https:\/\/openlibrary.ecampusontario.ca\/fr\/wp-json\/wp\/v2\/media?parent=46"}],"curies":[{"name":"wp","href":"https:\/\/api.w.org\/{rel}","templated":true}]}}