{"id":743,"date":"2022-04-29T13:44:35","date_gmt":"2022-04-29T17:44:35","guid":{"rendered":"https:\/\/openlibrary.ecampusontario.ca\/?page_id=743"},"modified":"2026-02-05T14:53:37","modified_gmt":"2026-02-05T19:53:37","slug":"demande-pressbooks","status":"publish","type":"page","link":"https:\/\/openlibrary.ecampusontario.ca\/fr\/demande-pressbooks\/","title":{"rendered":"Demander un compte Pressbooks"},"content":{"rendered":"\n<h2 class=\"wp-block-heading\"><\/h2>\n\n\n\n<hr class=\"wp-block-separator has-alpha-channel-opacity\" \/>\n\n\n\n<p><\/p>\n\n\n<!-- wp:paragraph -->\n<p>Les comptes Pressbooks sur https:\/\/ecampusontario.pressbooks.pub sont disponibles gratuitement pour les enseignants affili\u00e9s \u00e0 l\u2019un des \u00e9tablissements postsecondaires publics de l\u2019Ontario.<\/p>\n<!-- \/wp:paragraph -->\n\n<!-- wp:paragraph -->\n<p>Vous pouvez vous inscrire en utilisant les identifiants de votre \u00e9tablissement si votre \u00e9cole a activ\u00e9 l\u2019authentification unique. Si votre \u00e9tablissement n\u2019a pas activ\u00e9 l\u2019authentification unique, vous pouvez toujours demander un compte Pressbooks. Un membre de l\u2019\u00e9quipe r\u00e9visera votre demande et sera en contact avec vous dans les quatre jours ouvrables.<\/p>\n<!-- \/wp:paragraph -->\n\n<!-- wp:paragraph -->\n<p>Veuillez s\u00e9lectionner votre \u00e9tablissement dans la liste ci-dessous pour continuer:<\/p>\n<!-- \/wp:paragraph -->\n\n<!-- wp:paragraph {\"align\":\"center\"} -->\n<p class=\"has-text-align-center\">\n<select id=\"list\">\n    <option value=\"\">Nom de l\u2019\u00e9tablissement<\/option>\n    <option value=\"none\">Algoma University<\/option>\n    <option value=\"none\">Algonquin College<\/option>\n    <option value=\"sso\">Brock University<\/option>\n    <option value=\"none\">Cambrian College<\/option>\n    <option value=\"none\">Canadore College<\/option>\n    <option value=\"sso\">Carleton University<\/option>\n    <option value=\"sso\">Centennial College<\/option>\n    <option value=\"none\">Coll\u00e8ge Bor\u00e9al<\/option>\n    <option value=\"none\">La Cit\u00e9 Coll\u00e9giale<\/option>\n    <option value=\"sso\">Conestoga College<\/option>\n    <option value=\"sso\">Confederation College<\/option>\n    <option value=\"sso\">Durham College<\/option>\n    <option value=\"sso\">Fanshawe College<\/option>\n    <option value=\"none\">First Nations Technical Institute<\/option>\n    <option value=\"sso\">Fleming College<\/option>\n    <option value=\"none\">George Brown College<\/option>\n    <option value=\"sso\">Georgian College<\/option>\n    <option value=\"none\">Humber Polytechnic<\/option>\n    <option value=\"none\">Kenjgewin Teg<\/option>\n    <option value=\"none\">Lakehead University<\/option>\n    <option value=\"none\">Lambton College<\/option>\n    <option value=\"none\">Laurentian University<\/option>\n    <option value=\"none\">Loyalist College<\/option>\n    <option value=\"sso\">McMaster University<\/option>\n    <option value=\"none\">Mohawk College<\/option>\n    <option value=\"sso\">Niagara College<\/option>\n    <option value=\"none\">Nipissing University<\/option>\n    <option value=\"none\">Northern College<\/option>\n    <option value=\"none\">OCAD University<\/option>\n    <option value=\"none\">Ontario Tech University<\/option>\n     <option value=\"none\">Oshki-Wenjack<\/option>\n\n    <option value=\"sso\">Queen&rsquo;s University<\/option>\n    <option value=\"none\">Royal Military College of Canada<\/option>\n    <option value=\"none\">Sault College<\/option>\n    <option value=\"none\">Seneca College<\/option>\n<option value=\"none\">Seven Generations Education Institute<\/option>\n    <option value=\"none\">Sheridan College<\/option>\n    <option value=\"none\">Six Nations Polytechnic<\/option>\n    <option value=\"sso\">St. Clair College<\/option>\n    <option value=\"none\">St. Lawrence College<\/option>\n    <option value=\"sso\">Trent University<\/option>\n        <option value=\"none\">Toronto Metropolitan University<\/option>\n\n    <option value=\"none\">Universit\u00e9 de l\u2019Ontario fran\u00e7ais<\/option>    \n    <option value=\"none\">University of Guelph<\/option>\n    <option value=\"sso\">University of Ottawa<\/option>\n    <option value=\"sso\">University of Toronto<\/option>\n    <option value=\"none\">University of Waterloo<\/option>\n    <option value=\"none\">University of Windsor<\/option>\n    <option value=\"sso\">Western University<\/option>\n    <option value=\"none\">Wilfrid Laurier University<\/option>\n    <option value=\"sso\">York University<\/option>\n<option value=\"other\"> Autre<\/option>\n<\/select>\n\n\n<\/p>\n<!-- \/wp:paragraph -->\n\n<!-- wp:html -->\n<div id=\"frm_forms\"><div class=\"frm_forms  with_frm_style frm_style_formidable-style\" id=\"frm_form_7_container\" data-token=\"daeab6d9067ba81da979d888150c8113\">\n<form enctype=\"multipart\/form-data\" method=\"post\" class=\"frm-show-form  frm_ajax_submit  frm_pro_form \" id=\"form_1cd6n\" data-token=\"daeab6d9067ba81da979d888150c8113\">\n<div class=\"frm_form_fields \">\n<fieldset>\n<legend class=\"frm_screen_reader\">Demande de compte Pressbooks<\/legend>\r\n\r\n<div class=\"frm_description\"><p style=\"font-size: 22.4px;margin-left:0px !important\">Veuillez remplir le formulaire ci-dessous pour demander un compte Pressbooks:<\/p>\n<\/div><div class=\"frm_fields_container\">\n<input type=\"hidden\" name=\"frm_action\" value=\"create\" \/>\n<input type=\"hidden\" name=\"form_id\" value=\"7\" \/>\n<input type=\"hidden\" name=\"frm_hide_fields_7\" id=\"frm_hide_fields_7\" value=\"\" \/>\n<input type=\"hidden\" name=\"form_key\" value=\"1cd6n\" \/>\n<input type=\"hidden\" name=\"item_meta[0]\" value=\"\" \/>\n<input type=\"hidden\" id=\"frm_submit_entry_7\" name=\"frm_submit_entry_7\" value=\"1fe98444b7\" \/><input type=\"hidden\" name=\"_wp_http_referer\" value=\"\/fr\/wp-json\/wp\/v2\/pages\/743\" \/><div id=\"frm_field_85_container\" class=\"frm_form_field form-field  frm_required_field frm_top_container\">\r\n    <label for=\"field_divx3\" class=\"frm_primary_label\">Pr\u00e9nom\r\n        <span class=\"frm_required\">*<\/span>\r\n    <\/label>\r\n    <input  type=\"text\" id=\"field_divx3\" name=\"item_meta[85]\" value=\"\"  data-reqmsg=\"Pr\u00e9nom cannot be blank.\" aria-required=\"true\" data-invmsg=\"Text is invalid\" aria-invalid=\"false\"   \/>\r\n    \r\n    \r\n<\/div>\n<div id=\"frm_field_86_container\" class=\"frm_form_field form-field  frm_required_field frm_top_container\">\r\n    <label for=\"field_f701w\" class=\"frm_primary_label\">Nom de famille\r\n        <span class=\"frm_required\">*<\/span>\r\n    <\/label>\r\n    <input  type=\"text\" id=\"field_f701w\" name=\"item_meta[86]\" value=\"\"  data-reqmsg=\"Nom de famille cannot be blank.\" aria-required=\"true\" data-invmsg=\"Text is invalid\" aria-invalid=\"false\"   \/>\r\n    \r\n    \r\n<\/div>\n<div id=\"frm_field_87_container\" class=\"frm_form_field form-field  frm_required_field frm_top_container\">\r\n    <label for=\"field_1rrq5\" class=\"frm_primary_label\">Courriel de l\u2019\u00e9tablissement\r\n        <span class=\"frm_required\">*<\/span>\r\n    <\/label>\r\n    <input type=\"email\" id=\"field_1rrq5\" name=\"item_meta[87]\" value=\"\"  data-reqmsg=\"Courriel de l\u2019\u00e9tablissement cannot be blank.\" aria-required=\"true\" data-invmsg=\"Email is invalid\" aria-invalid=\"false\"  \/>\r\n    \r\n    \r\n<\/div>\n<div id=\"frm_field_88_container\" class=\"frm_form_field form-field  frm_required_field frm_top_container frm_other_container\">\r\n    <label for=\"field_sp5f8\" class=\"frm_primary_label\">Nom de l\u2019\u00e9tablissement\r\n        <span class=\"frm_required\">*<\/span>\r\n    <\/label>\r\n    \t\t<select name=\"item_meta[88]\" id=\"field_sp5f8\"  data-frmval=\"Algoma University\" data-reqmsg=\"Nom de l\u2019\u00e9tablissement cannot be blank.\" aria-required=\"true\" data-invmsg=\"Nom de l\u2019\u00e9tablissement is invalid\" aria-invalid=\"false\"  >\n\t\t<option  value=\"Algoma University\" selected='selected'>Algoma University<\/option><option  value=\"Algonquin College\">Algonquin College<\/option><option  value=\"Anishinabek Educational Institute\">Anishinabek Educational Institute<\/option><option  value=\"Brock University\">Brock University<\/option><option  value=\"Cambrian College\">Cambrian College<\/option><option  value=\"Canadore College\">Canadore College<\/option><option  value=\"Carleton University\">Carleton University<\/option><option  value=\"Centennial College\">Centennial College<\/option><option  value=\"Coll\u00e8ge Bor\u00e9al\">Coll\u00e8ge Bor\u00e9al<\/option><option  value=\"Conestoga College\">Conestoga College<\/option><option  value=\"Confederation College\">Confederation College<\/option><option  value=\"Durham College\">Durham College<\/option><option  value=\"Fanshawe College\">Fanshawe College<\/option><option  value=\"Fleming College\">Fleming College<\/option><option  value=\"George Brown College\">George Brown College<\/option><option  value=\"Georgian College\">Georgian College<\/option><option  value=\"Humber Polytechnic\">Humber Polytechnic<\/option><option  value=\"Iohahi:io Akwesasne Education &amp; Training Institute\">Iohahi:io Akwesasne Education &amp; Training Institute<\/option><option  value=\"Kenjgewin Teg\">Kenjgewin Teg<\/option><option  value=\"La Cit\u00e9 Coll\u00e9giale\">La Cit\u00e9 Coll\u00e9giale<\/option><option  value=\"Lakehead University\">Lakehead University<\/option><option  value=\"Lambton College\">Lambton College<\/option><option  value=\"Laurentian University\">Laurentian University<\/option><option  value=\"Loyalist College\">Loyalist College<\/option><option  value=\"McMaster University\">McMaster University<\/option><option  value=\"Mohawk College\">Mohawk College<\/option><option  value=\"Niagara College\">Niagara College<\/option><option  value=\"Nipissing University\">Nipissing University<\/option><option  value=\"Northern College\">Northern College<\/option><option  value=\"NOSM University\">NOSM University<\/option><option  value=\"OCAD University\">OCAD University<\/option><option  value=\"Ontario Tech University\">Ontario Tech University<\/option><option  value=\"Oshki-Wenjack\">Oshki-Wenjack<\/option><option  value=\"Ogwehoweh Skills and Trades Training Centre\">Ogwehoweh Skills and Trades Training Centre<\/option><option  value=\"Queen\u2019s University\">Queen\u2019s University<\/option><option  value=\"Royal Military College of Canada\">Royal Military College of Canada<\/option><option  value=\"St. Clair College\">St. Clair College<\/option><option  value=\"St. Lawrence College\">St. Lawrence College<\/option><option  value=\"Sault College\">Sault College<\/option><option  value=\"Seneca College\">Seneca College<\/option><option  value=\"Sheridan College\">Sheridan College<\/option><option  value=\"Six Nations Polytechnic\">Six Nations Polytechnic<\/option><option  value=\"Toronto Metropolitan University\">Toronto Metropolitan University<\/option><option  value=\"Trent University\">Trent University<\/option><option  value=\"Universit\u00e9 de l\u2019Ontario fran\u00e7ais\">Universit\u00e9 de l\u2019Ontario fran\u00e7ais<\/option><option  value=\"University of Guelph\">University of Guelph<\/option><option  value=\"Universit\u00e9 de Hearst\">Universit\u00e9 de Hearst<\/option><option  value=\"University of Ottawa\">University of Ottawa<\/option><option  value=\"University of Sudbury\">University of Sudbury<\/option><option  value=\"University of Toronto\">University of Toronto<\/option><option  value=\"University of Waterloo\">University of Waterloo<\/option><option  value=\"University of Windsor\">University of Windsor<\/option><option  value=\"Western University\">Western University<\/option><option  value=\"Wilfrid Laurier University\">Wilfrid Laurier University<\/option><option  value=\"York University\">York University<\/option><option  value=\"Other\" class=\"frm_other_trigger\">Autre<\/option>\t<\/select>\n\t<label for=\"field_sp5f8-otext\" class=\"frm_screen_reader frm_hidden\">Nom de l\u2019\u00e9tablissement<\/label><input type=\"text\" id=\"field_sp5f8-otext\" class=\"frm_other_input frm_pos_none\"  name=\"item_meta[other][88]\" value=\"\" \/>\r\n    \r\n    \r\n<\/div>\n<div id=\"frm_field_89_container\" class=\"frm_form_field form-field  frm_required_field frm_top_container frm_other_container\">\r\n    <label for=\"field_8r1y1\" class=\"frm_primary_label\">Role\r\n        <span class=\"frm_required\">*<\/span>\r\n    <\/label>\r\n    \t\t<select name=\"item_meta[89]\" id=\"field_8r1y1\"  data-frmval=\"Undergraduate Student\" data-reqmsg=\"Role cannot be blank.\" aria-required=\"true\" data-invmsg=\"Role est non valide\" aria-invalid=\"false\"  >\n\t\t<option  value=\"Undergraduate Student\" selected='selected'>\u00c9tudiant de premier cycle<\/option><option  value=\"Graduate Student\">\u00c9tudiant dipl\u00f4m\u00e9<\/option><option  value=\"Instructor\/Faculty\">Enseignant\/Membre du corps professoral<\/option><option  value=\"Librarian\/Library Staff\">Biblioth\u00e9caire\/Personnel de biblioth\u00e8que<\/option><option  value=\"Instructional Designer\/Educational Technologist\">Concepteur p\u00e9dagogique\/Technologue en \u00e9ducation<\/option><option  value=\"Other\" class=\"frm_other_trigger\">Autre<\/option>\t<\/select>\n\t<label for=\"field_8r1y1-otext\" class=\"frm_screen_reader frm_hidden\">Role<\/label><input type=\"text\" id=\"field_8r1y1-otext\" class=\"frm_other_input frm_pos_none\"  name=\"item_meta[other][89]\" value=\"\" \/>\r\n    \r\n    \r\n<\/div>\n<div id=\"frm_field_90_container\" class=\"frm_form_field form-field  frm_none_container\">\r\n    <label for=\"g-recaptcha-response\" id=\"field_vjo3z_label\" class=\"frm_primary_label\">reCAPTCHA\r\n        <span class=\"frm_required\"><\/span>\r\n    <\/label>\r\n    <div  id=\"field_vjo3z\" class=\"frm-g-recaptcha\" data-sitekey=\"6Lfe6M0UAAAAAI3FtuDdBsha0BD98QrieluYWekm\" data-size=\"normal\" data-theme=\"light\"><\/div>\r\n    \r\n    \r\n<\/div>\n<div id=\"frm_field_168_container\" class=\"frm_form_field form-field \">\r\n\t<div class=\"frm_submit\">\r\n\r\n<button class=\"frm_button_submit frm_final_submit\" type=\"submit\"  formnovalidate=\"formnovalidate\">Submit<\/button>\r\n\r\n<\/div>\r\n<\/div>\n\t<input type=\"hidden\" name=\"item_key\" value=\"\" \/>\n\t\t\t<div id=\"frm_field_175_container\">\n\t\t\t<label for=\"field_qu8tg\" >\n\t\t\t\tSi vous \u00eates un humain, ne remplissez pas ce champ.\t\t\t<\/label>\n\t\t\t<input  id=\"field_qu8tg\" type=\"text\" class=\"frm_form_field form-field frm_verify\" name=\"item_meta[175]\" value=\"\"  \/>\n\t\t<\/div>\n\t\t<input name=\"frm_state\" type=\"hidden\" value=\"dwjg1g7cAbzORnsrYVhnCU\/WEz5QSPUzSkS2n8LDsAtKH3CU9NNeDm\/25qspyOD\/\" \/><\/div>\n<\/fieldset>\n<\/div>\n\n<\/form>\n<\/div>\n<\/div>\n<!-- \/wp:html -->\n\n<!-- wp:html -->\n<div id=\"pop-up\" class=\"modal\">\n  <!-- Modal content -->\n  <div class=\"modal-content\">\n    <span class=\"close\">\u00d7<\/span>\n    <p>Votre \u00e9tablissement a acc\u00e8s au r\u00e9seau Pressbooks d\u2019eCampusOntario. Vous pouvez vous inscrire en s\u00e9lectionnant l\u2019option INSTITUTIONAL LOGIN (connexion d\u2019\u00e9tablissement). <\/p> <p class=\"has-text-align-center\"><a href=\"https:\/\/ecampusontario.pressbooks.pub\/wp\/wp-login.php\"><strong>Obtenir l\u2019acc\u00e8s \u00e0 Pressbooks<\/strong><\/a><\/p>\n  <\/div>\n<\/div>\n\n<div id=\"other-pop-up\" class=\"modal\">\n  <!-- Modal content -->\n  <div class=\"modal-content\">\n    <span class=\"close\">\u00d7<\/span>\n    <p>Les comptes Pressbooks du r\u00e9seau d\u2019eCampusOntario ne sont accessibles qu\u2019aux personnes actuellement affili\u00e9es \u00e0 un \u00e9tablissement membre d\u2019eCampusOntario. Consultez le site <a href=\"https:\/\/pressbooks.com\/\"><strong>www.pressbooks.com<\/strong><\/a> pour obtenir de plus amples renseignements sur la fa\u00e7on de commencer \u00e0 utiliser Pressbooks dans votre r\u00e9gion.<\/p>\n  <\/div>\n\n<\/div>\n<script src=\"https:\/\/code.jquery.com\/jquery-3.6.0.min.js\" integrity=\"sha256-\/xUj+3OJU5yExlq6GSYGSHk7tPXikynS7ogEvDej\/m4=\" crossorigin=\"anonymous\"><\/script>\n<script>\n$(document).ready(function(){\n$(\"#frm_forms\").hide();\n    $('#list').on('change', function() {\n      if(this.value===\"sso\"){         \n          $(\"#pop-up\").show();\n          $(\"#frm_forms\").hide();\n      }\n      else if(this.value===\"none\"){\n          var optionText=$(\"#list option:selected\").text();\n$(\"select[name='item_meta[81]']\").children(\"option:selected\").removeAttr('selected');\nvar data=$(\"select[name='item_meta[81]']\").children(\"option[value='\"+optionText+\"']\").attr('selected', 'selected');\n          $(\"#pop-up\").hide();\n          $(\"#frm_forms\").show();\n     }\n     else{ \n          $(\"#other-pop-up\").show();\n          $(\"#frm_forms\").hide();\n          $(\"#pop-up\").hide();}\n    });\n$(window).click(function(event) {\n\n   if(event.target.id== \"pop-up\")\n   { \n      $(\"#pop-up\").hide();\n   } \n   else if(event.target.id== \"other-pop-up\")\n   { \n      $(\"#other-pop-up\").hide();\n   } \n});\n\n$('.close').on('click', function() {\n$(\"#pop-up\").hide();\n$(\"#other-pop-up\").hide();\n});\n});\n<\/script>\n<!-- \/wp:html -->\n\n<!-- wp:html -->\n<style>\n.m-1{margin-top:5px !important;\nmargin-bottom:5px !important;}\nselect{\nheight:50px;\nwidth:30%;}\noption{font-size:22px;\npadding:10px;}\n@media only screen and (max-width: 600px) {\nselect{\nwidth:70%;}\n}\n\/* The Modal (background) *\/\n.modal {\n  display: none; \/* Hidden by default *\/\n  position: fixed; \/* Stay in place *\/\n  z-index: 1; \/* Sit on top *\/\n  padding-top: 100px; \/* Location of the box *\/\n  left: 0;\n  top: 0;\n  width: 100%; \/* Full width *\/\n  height: 100%; \/* Full height *\/\n  overflow: auto; \/* Enable scroll if needed *\/\n  background-color: rgb(0,0,0); \/* Fallback color *\/\n  background-color: rgba(0,0,0,0.4); \/* Black w\/ opacity *\/\n}\n\n\/* Modal Content *\/\n.modal-content {\n  background-color: #fefefe;\n  margin: auto;\n  padding: 20px;\n  border: 1px solid #888;\n  width: 80%;\n}\n\n\/* The Close Button *\/\n.close {\n  color: #aaaaaa;\n  float: right;\n  font-size: 28px;\n  font-weight: bold;\n}\n\n.close:hover,\n.close:focus {\n  color: #000;\n  text-decoration: none;\n  cursor: pointer;\n}\n<\/style>\n<!-- \/wp:html -->","protected":false},"excerpt":{"rendered":"","protected":false},"author":8,"featured_media":0,"parent":0,"menu_order":0,"comment_status":"closed","ping_status":"closed","template":"","meta":{"footnotes":""},"class_list":["post-743","page","type-page","status-publish","hentry"],"_links":{"self":[{"href":"https:\/\/openlibrary.ecampusontario.ca\/fr\/wp-json\/wp\/v2\/pages\/743","targetHints":{"allow":["GET"]}}],"collection":[{"href":"https:\/\/openlibrary.ecampusontario.ca\/fr\/wp-json\/wp\/v2\/pages"}],"about":[{"href":"https:\/\/openlibrary.ecampusontario.ca\/fr\/wp-json\/wp\/v2\/types\/page"}],"author":[{"embeddable":true,"href":"https:\/\/openlibrary.ecampusontario.ca\/fr\/wp-json\/wp\/v2\/users\/8"}],"replies":[{"embeddable":true,"href":"https:\/\/openlibrary.ecampusontario.ca\/fr\/wp-json\/wp\/v2\/comments?post=743"}],"version-history":[{"count":5,"href":"https:\/\/openlibrary.ecampusontario.ca\/fr\/wp-json\/wp\/v2\/pages\/743\/revisions"}],"predecessor-version":[{"id":47016,"href":"https:\/\/openlibrary.ecampusontario.ca\/fr\/wp-json\/wp\/v2\/pages\/743\/revisions\/47016"}],"wp:attachment":[{"href":"https:\/\/openlibrary.ecampusontario.ca\/fr\/wp-json\/wp\/v2\/media?parent=743"}],"curies":[{"name":"wp","href":"https:\/\/api.w.org\/{rel}","templated":true}]}}